{"id":2994,"date":"2024-08-26T11:36:07","date_gmt":"2024-08-26T11:36:07","guid":{"rendered":"https:\/\/ouluntoimistokaluste.fi\/?post_type=product&#038;p=2994"},"modified":"2025-10-03T07:28:19","modified_gmt":"2025-10-03T07:28:19","slug":"comfo-mesh-2010-tyotuoli","status":"publish","type":"product","link":"https:\/\/ouluntoimistokaluste.fi\/en\/product\/comfo-mesh-2010-tyotuoli\/","title":{"rendered":"Comfo Mesh 2010-ty\u00f6tuoli"},"content":{"rendered":"<p>Tuolin istuinmukavuus yhdistettyn\u00e4 yksinkertaisilla liipasimilla toimivilla s\u00e4\u00e4t\u00f6ominaisuuksilla takaa mukavan ty\u00f6asennon. Tuolin istuin on muotoiltu niin, ett\u00e4 jalkojen verenkierto pysyy aktiivisena pitk\u00e4\u00e4n istuessa. Synkron keinutoiminto mahdollistaa liikkeen ty\u00f6p\u00e4iv\u00e4n aikana. Istuinsyvyyden ansiosta tuoli soveltuu monen kokoisella k\u00e4ytt\u00e4j\u00e4lle.<\/p>\n<div id=\"inner-66bc50a398e26f7e013b59b4\" class=\"element tlx_product_more_left text\">\n<div class=\"element-text content\">\n<h3>Ominaisuudet:<\/h3>\n<p class=\"\">Synkron keinumekanismi<\/p>\n<p class=\"\">Istuinsyvyydens\u00e4\u00e4t\u00f6<\/p>\n<p class=\"\">Istuimen korkeudens\u00e4\u00e4t\u00f6<\/p>\n<p>Ristisel\u00e4ntuen korkeuden s\u00e4\u00e4t\u00f6<\/p>\n<p>Musta jalkaristikko<\/p>\n<p>Lis\u00e4varusteet:<\/p>\n<p>K\u00e4sinojat (korkeuss\u00e4\u00e4t\u00f6)<\/p>\n<p>Kiillotettu jalkaristikko<\/p>\n<p>V\u00e4ri: musta<\/p>\n<\/div>\n<\/div>\n<div id=\"inner-66bc50a398e26f7e013b59b5\" class=\"element tlx_product_more_right text\">\n<div class=\"element-text content\">\n<div>\n<h3>Mitat:<\/h3>\n<p>Jalkaristikon halkaisija: 66\u00a0cm<span class=\"brClass\"><br \/>\n<\/span>Istuimen korkeus: 45-57 cm<span class=\"brClass\"><br \/>\n<\/span>Istuimen leveys: 50 cm<span class=\"brClass\"><br \/>\n<\/span>Istuimen syvyys: 50-54 cm<span class=\"brClass\"><br \/>\n<\/span>Selk\u00e4nojan korkeus: 57 cm<\/p>\n<p class=\"\">Selk\u00e4nojan leveys: 47 cm<\/p>\n<p class=\"\">Kokonaiskorkeus: 100 &#8211; 112 cm<\/p>\n<p>Paino: 15 kg<\/p>\n<p class=\"\"><span class=\"brClass\"><br \/>\n<\/span>EN 1335 1-2 hyv\u00e4ksytty<\/p>\n<p>F11 -kangas, Musta<\/p>\n<ul>\n<li>100% polyester<\/li>\n<li>Hankauskesto 100 000 Martindale<\/li>\n<li>Paloluokka EN 1021 1-2<\/li>\n<\/ul>\n<\/div>\n<\/div>\n<\/div>","protected":false},"excerpt":{"rendered":"<p>Comfo Mesh 2010 on kevyt ja moderni ty\u00f6tuoli, joka on suunniteltu kokop\u00e4iv\u00e4iseen toimistoty\u00f6skentelyyn. Tuoli soveltuu my\u00f6s neuvottelutuoliksi.<\/p>\n<p>Takuu 5 vuotta<\/p>","protected":false},"featured_media":2996,"template":"","meta":[],"product_brand":[],"product_cat":[30,36,25,27],"product_tag":[],"class_list":{"0":"post-2994","1":"product","2":"type-product","3":"status-publish","4":"has-post-thumbnail","6":"product_cat-asiakas-baari-ja-neuvottelutuolit","7":"product_cat-neuvottelukalusteet","8":"product_cat-tyotuolit","9":"product_cat-uudet-kalusteet","10":"product_shipping_class-hintaryhma-2","12":"first","13":"onbackorder","14":"taxable","15":"shipping-taxable","16":"purchasable","17":"product-type-variable"},"_links":{"self":[{"href":"https:\/\/ouluntoimistokaluste.fi\/en\/wp-json\/wp\/v2\/product\/2994","targetHints":{"allow":["GET"]}}],"collection":[{"href":"https:\/\/ouluntoimistokaluste.fi\/en\/wp-json\/wp\/v2\/product"}],"about":[{"href":"https:\/\/ouluntoimistokaluste.fi\/en\/wp-json\/wp\/v2\/types\/product"}],"wp:featuredmedia":[{"embeddable":true,"href":"https:\/\/ouluntoimistokaluste.fi\/en\/wp-json\/wp\/v2\/media\/2996"}],"wp:attachment":[{"href":"https:\/\/ouluntoimistokaluste.fi\/en\/wp-json\/wp\/v2\/media?parent=2994"}],"wp:term":[{"taxonomy":"product_brand","embeddable":true,"href":"https:\/\/ouluntoimistokaluste.fi\/en\/wp-json\/wp\/v2\/product_brand?post=2994"},{"taxonomy":"product_cat","embeddable":true,"href":"https:\/\/ouluntoimistokaluste.fi\/en\/wp-json\/wp\/v2\/product_cat?post=2994"},{"taxonomy":"product_tag","embeddable":true,"href":"https:\/\/ouluntoimistokaluste.fi\/en\/wp-json\/wp\/v2\/product_tag?post=2994"}],"curies":[{"name":"wp","href":"https:\/\/api.w.org\/{rel}","templated":true}]}}