{"id":2728,"date":"2024-05-15T06:59:59","date_gmt":"2024-05-15T06:59:59","guid":{"rendered":"https:\/\/ouluntoimistokaluste.fi\/?post_type=product&#038;p=2728"},"modified":"2024-05-15T07:00:34","modified_gmt":"2024-05-15T07:00:34","slug":"etulevy-tyopoytaan","status":"publish","type":"product","link":"https:\/\/ouluntoimistokaluste.fi\/en\/product\/etulevy-tyopoytaan\/","title":{"rendered":"Etulevy ty\u00f6p\u00f6yt\u00e4\u00e4n"},"content":{"rendered":"<p>Kiinnitys kulmaraudoilla kannen pohjaan (sis.tuotteeseen)<\/p>\n<p>Levyn paksuus 1,8 cm<\/p>","protected":false},"excerpt":{"rendered":"<p>Valkoinen etulevy ty\u00f6p\u00f6yt\u00e4\u00e4n tai s\u00e4hk\u00f6p\u00f6yt\u00e4\u00e4n.<\/p>","protected":false},"featured_media":2729,"template":"","meta":[],"product_brand":[],"product_cat":[33,27],"product_tag":[],"class_list":{"0":"post-2728","1":"product","2":"type-product","3":"status-publish","4":"has-post-thumbnail","6":"product_cat-muut-tuotteet","7":"product_cat-uudet-kalusteet","8":"product_shipping_class-hintaryhma-1","10":"first","11":"instock","12":"taxable","13":"shipping-taxable","14":"purchasable","15":"product-type-variable"},"_links":{"self":[{"href":"https:\/\/ouluntoimistokaluste.fi\/en\/wp-json\/wp\/v2\/product\/2728","targetHints":{"allow":["GET"]}}],"collection":[{"href":"https:\/\/ouluntoimistokaluste.fi\/en\/wp-json\/wp\/v2\/product"}],"about":[{"href":"https:\/\/ouluntoimistokaluste.fi\/en\/wp-json\/wp\/v2\/types\/product"}],"wp:featuredmedia":[{"embeddable":true,"href":"https:\/\/ouluntoimistokaluste.fi\/en\/wp-json\/wp\/v2\/media\/2729"}],"wp:attachment":[{"href":"https:\/\/ouluntoimistokaluste.fi\/en\/wp-json\/wp\/v2\/media?parent=2728"}],"wp:term":[{"taxonomy":"product_brand","embeddable":true,"href":"https:\/\/ouluntoimistokaluste.fi\/en\/wp-json\/wp\/v2\/product_brand?post=2728"},{"taxonomy":"product_cat","embeddable":true,"href":"https:\/\/ouluntoimistokaluste.fi\/en\/wp-json\/wp\/v2\/product_cat?post=2728"},{"taxonomy":"product_tag","embeddable":true,"href":"https:\/\/ouluntoimistokaluste.fi\/en\/wp-json\/wp\/v2\/product_tag?post=2728"}],"curies":[{"name":"wp","href":"https:\/\/api.w.org\/{rel}","templated":true}]}}