{"id":2691,"date":"2024-04-24T09:19:28","date_gmt":"2024-04-24T09:19:28","guid":{"rendered":"https:\/\/ouluntoimistokaluste.fi\/?post_type=product&#038;p=2691"},"modified":"2024-05-10T12:13:02","modified_gmt":"2024-05-10T12:13:02","slug":"bubble-matto-160-x-230-cm","status":"publish","type":"product","link":"https:\/\/ouluntoimistokaluste.fi\/en\/product\/bubble-matto-160-x-230-cm\/","title":{"rendered":"Bubble-matto 160 x 230 cm"},"content":{"rendered":"<p>Maton sile\u00e4pinta on eritt\u00e4in helppo pit\u00e4\u00e4 puhtaana.<\/p>\n<ul>\n<li>Materiaali polypropeeni, latex liukuestepohjaus<\/li>\n<li>vesipest\u00e4viss\u00e4<\/li>\n<\/ul>","protected":false},"excerpt":{"rendered":"<p>Bubble on sile\u00e4ksi kudottu matto kaikkiin kodin sis\u00e4tiloihin. Tyylik\u00e4s kuosi<br \/>\nja neutraali v\u00e4ritys antaa matollle ajattoman ja modernin ilmeen.<br \/>\nLiukuestepohjaus pit\u00e4\u00e4 maton paikoillaan.<\/p>","protected":false},"featured_media":2692,"template":"","meta":[],"product_brand":[],"product_cat":[157,27],"product_tag":[],"class_list":{"0":"post-2691","1":"product","2":"type-product","3":"status-publish","4":"has-post-thumbnail","6":"product_cat-matot","7":"product_cat-uudet-kalusteet","8":"product_shipping_class-hintaryhma-1","10":"first","11":"onbackorder","12":"taxable","13":"shipping-taxable","14":"purchasable","15":"product-type-simple"},"_links":{"self":[{"href":"https:\/\/ouluntoimistokaluste.fi\/en\/wp-json\/wp\/v2\/product\/2691","targetHints":{"allow":["GET"]}}],"collection":[{"href":"https:\/\/ouluntoimistokaluste.fi\/en\/wp-json\/wp\/v2\/product"}],"about":[{"href":"https:\/\/ouluntoimistokaluste.fi\/en\/wp-json\/wp\/v2\/types\/product"}],"wp:featuredmedia":[{"embeddable":true,"href":"https:\/\/ouluntoimistokaluste.fi\/en\/wp-json\/wp\/v2\/media\/2692"}],"wp:attachment":[{"href":"https:\/\/ouluntoimistokaluste.fi\/en\/wp-json\/wp\/v2\/media?parent=2691"}],"wp:term":[{"taxonomy":"product_brand","embeddable":true,"href":"https:\/\/ouluntoimistokaluste.fi\/en\/wp-json\/wp\/v2\/product_brand?post=2691"},{"taxonomy":"product_cat","embeddable":true,"href":"https:\/\/ouluntoimistokaluste.fi\/en\/wp-json\/wp\/v2\/product_cat?post=2691"},{"taxonomy":"product_tag","embeddable":true,"href":"https:\/\/ouluntoimistokaluste.fi\/en\/wp-json\/wp\/v2\/product_tag?post=2691"}],"curies":[{"name":"wp","href":"https:\/\/api.w.org\/{rel}","templated":true}]}}