{"id":2671,"date":"2024-04-23T08:01:07","date_gmt":"2024-04-23T08:01:07","guid":{"rendered":"https:\/\/ouluntoimistokaluste.fi\/?post_type=product&#038;p=2671"},"modified":"2024-05-10T12:13:18","modified_gmt":"2024-05-10T12:13:18","slug":"layla-matto-160-x-230-cm","status":"publish","type":"product","link":"https:\/\/ouluntoimistokaluste.fi\/en\/product\/layla-matto-160-x-230-cm\/","title":{"rendered":"Layla-matto 160 x 230 cm"},"content":{"rendered":"<p>\u2013 K\u00e4ytt\u00f6kohteet: Kaikki kodin tilat, soveltuu my\u00f6s ulkok\u00e4ytt\u00f6\u00f6n<\/p>","protected":false},"excerpt":{"rendered":"<p>Layla maton trendik\u00e4s kuviointi ihastuttaa. Tukevaksi kudottu matto on laadukas ja soveltuu niin sis\u00e4-kuin ulkok\u00e4ytt\u00f6\u00f6n.<\/p>","protected":false},"featured_media":2674,"template":"","meta":[],"product_brand":[],"product_cat":[157,27],"product_tag":[],"class_list":{"0":"post-2671","1":"product","2":"type-product","3":"status-publish","4":"has-post-thumbnail","6":"product_cat-matot","7":"product_cat-uudet-kalusteet","8":"product_shipping_class-hintaryhma-1","10":"first","11":"onbackorder","12":"taxable","13":"shipping-taxable","14":"purchasable","15":"product-type-variable"},"_links":{"self":[{"href":"https:\/\/ouluntoimistokaluste.fi\/en\/wp-json\/wp\/v2\/product\/2671","targetHints":{"allow":["GET"]}}],"collection":[{"href":"https:\/\/ouluntoimistokaluste.fi\/en\/wp-json\/wp\/v2\/product"}],"about":[{"href":"https:\/\/ouluntoimistokaluste.fi\/en\/wp-json\/wp\/v2\/types\/product"}],"wp:featuredmedia":[{"embeddable":true,"href":"https:\/\/ouluntoimistokaluste.fi\/en\/wp-json\/wp\/v2\/media\/2674"}],"wp:attachment":[{"href":"https:\/\/ouluntoimistokaluste.fi\/en\/wp-json\/wp\/v2\/media?parent=2671"}],"wp:term":[{"taxonomy":"product_brand","embeddable":true,"href":"https:\/\/ouluntoimistokaluste.fi\/en\/wp-json\/wp\/v2\/product_brand?post=2671"},{"taxonomy":"product_cat","embeddable":true,"href":"https:\/\/ouluntoimistokaluste.fi\/en\/wp-json\/wp\/v2\/product_cat?post=2671"},{"taxonomy":"product_tag","embeddable":true,"href":"https:\/\/ouluntoimistokaluste.fi\/en\/wp-json\/wp\/v2\/product_tag?post=2671"}],"curies":[{"name":"wp","href":"https:\/\/api.w.org\/{rel}","templated":true}]}}