{"id":2662,"date":"2024-04-23T07:53:25","date_gmt":"2024-04-23T07:53:25","guid":{"rendered":"https:\/\/ouluntoimistokaluste.fi\/?post_type=product&#038;p=2662"},"modified":"2024-05-10T12:13:58","modified_gmt":"2024-05-10T12:13:58","slug":"saila-matto-160-x-235-cm","status":"publish","type":"product","link":"https:\/\/ouluntoimistokaluste.fi\/en\/product\/saila-matto-160-x-235-cm\/","title":{"rendered":"Saila-matto 160 x 235 cm"},"content":{"rendered":"<p>Maton sile\u00e4pinta on eritt\u00e4in helppo pit\u00e4\u00e4 puhtaana.<\/p>\n<ul>\n<li>Materiaali polypropeeni, latex liukuestepohjaus<\/li>\n<li>vesipest\u00e4viss\u00e4<\/li>\n<\/ul>","protected":false},"excerpt":{"rendered":"<p>Tyylik\u00e4s ajaton yksiv\u00e4rinen matto. Saila matto kest\u00e4\u00e4 kovaakin kulutusta, sile\u00e4pintainen maton pinta on helposti puhdistettavissa. Liukuestepohjaus pit\u00e4\u00e4 tuotteen hyvin paikoillaan.<\/p>","protected":false},"featured_media":2665,"template":"","meta":[],"product_brand":[],"product_cat":[157,27],"product_tag":[],"class_list":{"0":"post-2662","1":"product","2":"type-product","3":"status-publish","4":"has-post-thumbnail","6":"product_cat-matot","7":"product_cat-uudet-kalusteet","8":"product_shipping_class-hintaryhma-1","10":"first","11":"onbackorder","12":"taxable","13":"shipping-taxable","14":"purchasable","15":"product-type-variable"},"_links":{"self":[{"href":"https:\/\/ouluntoimistokaluste.fi\/en\/wp-json\/wp\/v2\/product\/2662","targetHints":{"allow":["GET"]}}],"collection":[{"href":"https:\/\/ouluntoimistokaluste.fi\/en\/wp-json\/wp\/v2\/product"}],"about":[{"href":"https:\/\/ouluntoimistokaluste.fi\/en\/wp-json\/wp\/v2\/types\/product"}],"wp:featuredmedia":[{"embeddable":true,"href":"https:\/\/ouluntoimistokaluste.fi\/en\/wp-json\/wp\/v2\/media\/2665"}],"wp:attachment":[{"href":"https:\/\/ouluntoimistokaluste.fi\/en\/wp-json\/wp\/v2\/media?parent=2662"}],"wp:term":[{"taxonomy":"product_brand","embeddable":true,"href":"https:\/\/ouluntoimistokaluste.fi\/en\/wp-json\/wp\/v2\/product_brand?post=2662"},{"taxonomy":"product_cat","embeddable":true,"href":"https:\/\/ouluntoimistokaluste.fi\/en\/wp-json\/wp\/v2\/product_cat?post=2662"},{"taxonomy":"product_tag","embeddable":true,"href":"https:\/\/ouluntoimistokaluste.fi\/en\/wp-json\/wp\/v2\/product_tag?post=2662"}],"curies":[{"name":"wp","href":"https:\/\/api.w.org\/{rel}","templated":true}]}}