{"id":2654,"date":"2024-04-23T07:46:13","date_gmt":"2024-04-23T07:46:13","guid":{"rendered":"https:\/\/ouluntoimistokaluste.fi\/?post_type=product&#038;p=2654"},"modified":"2024-05-10T12:14:17","modified_gmt":"2024-05-10T12:14:17","slug":"cube-matto-200-x-290-cm","status":"publish","type":"product","link":"https:\/\/ouluntoimistokaluste.fi\/en\/product\/cube-matto-200-x-290-cm\/","title":{"rendered":"Cube-matto 200 x 290 cm"},"content":{"rendered":"<p>Materiaali: Polypropeeni<\/p>\n<p>Hoito-Ohje: S\u00e4\u00e4nn\u00f6llinen imurointi, tarvittaessa tuuletus<\/p>\n<p>Pesu: Ammattimainen tasovesipesu 40\u00b0 astetta, mieto pesuaineliuos. K\u00e4yt\u00e4 v\u00e4h\u00e4ist\u00e4 vesim\u00e4\u00e4r\u00e4\u00e4. Kuivaus ilmavalla tasaisella alustalla.<\/p>","protected":false},"excerpt":{"rendered":"<p>Sile\u00e4pintainen Cube on kudottu kohokuvioiseksi joten sen kuviointi korostuu hienosti. Matto sopii moniin eri k\u00e4ytt\u00f6tarkoituksiin, sit\u00e4 voi k\u00e4ytt\u00e4\u00e4 niin sis\u00e4-kuin ulkotiloissa.\u00a0 Cube matto kest\u00e4\u00e4 kovaakin kulutusta ja on helppohoitoinen.\u00a0 Sopii my\u00f6s allergiaperheisiin.<\/p>","protected":false},"featured_media":2655,"template":"","meta":[],"product_brand":[],"product_cat":[157,27],"product_tag":[],"class_list":{"0":"post-2654","1":"product","2":"type-product","3":"status-publish","4":"has-post-thumbnail","6":"product_cat-matot","7":"product_cat-uudet-kalusteet","8":"product_shipping_class-hintaryhma-1","10":"first","11":"onbackorder","12":"taxable","13":"shipping-taxable","14":"purchasable","15":"product-type-simple"},"_links":{"self":[{"href":"https:\/\/ouluntoimistokaluste.fi\/en\/wp-json\/wp\/v2\/product\/2654","targetHints":{"allow":["GET"]}}],"collection":[{"href":"https:\/\/ouluntoimistokaluste.fi\/en\/wp-json\/wp\/v2\/product"}],"about":[{"href":"https:\/\/ouluntoimistokaluste.fi\/en\/wp-json\/wp\/v2\/types\/product"}],"wp:featuredmedia":[{"embeddable":true,"href":"https:\/\/ouluntoimistokaluste.fi\/en\/wp-json\/wp\/v2\/media\/2655"}],"wp:attachment":[{"href":"https:\/\/ouluntoimistokaluste.fi\/en\/wp-json\/wp\/v2\/media?parent=2654"}],"wp:term":[{"taxonomy":"product_brand","embeddable":true,"href":"https:\/\/ouluntoimistokaluste.fi\/en\/wp-json\/wp\/v2\/product_brand?post=2654"},{"taxonomy":"product_cat","embeddable":true,"href":"https:\/\/ouluntoimistokaluste.fi\/en\/wp-json\/wp\/v2\/product_cat?post=2654"},{"taxonomy":"product_tag","embeddable":true,"href":"https:\/\/ouluntoimistokaluste.fi\/en\/wp-json\/wp\/v2\/product_tag?post=2654"}],"curies":[{"name":"wp","href":"https:\/\/api.w.org\/{rel}","templated":true}]}}