{"id":2647,"date":"2024-04-23T07:39:19","date_gmt":"2024-04-23T07:39:19","guid":{"rendered":"https:\/\/ouluntoimistokaluste.fi\/?post_type=product&#038;p=2647"},"modified":"2024-05-10T12:14:37","modified_gmt":"2024-05-10T12:14:37","slug":"sumu-matto-160-x-230-cm","status":"publish","type":"product","link":"https:\/\/ouluntoimistokaluste.fi\/en\/product\/sumu-matto-160-x-230-cm\/","title":{"rendered":"Sumu-matto 160 x 230 cm"},"content":{"rendered":"<p>Matto on vesipest\u00e4viss\u00e4 ja siin\u00e4 on liukuestepohjaus mik\u00e4 pit\u00e4\u00e4 maton hyvin paikoillaan.<br \/>\nMateriaali: 100% polyester chenille<\/p>","protected":false},"excerpt":{"rendered":"<p>Sumu matto on n\u00e4ytt\u00e4v\u00e4 kulutetuksi pinnaksi tehty matto.<\/p>","protected":false},"featured_media":2651,"template":"","meta":[],"product_brand":[],"product_cat":[157,27],"product_tag":[],"class_list":{"0":"post-2647","1":"product","2":"type-product","3":"status-publish","4":"has-post-thumbnail","6":"product_cat-matot","7":"product_cat-uudet-kalusteet","8":"product_shipping_class-hintaryhma-1","10":"first","11":"onbackorder","12":"taxable","13":"shipping-taxable","14":"purchasable","15":"product-type-variable"},"_links":{"self":[{"href":"https:\/\/ouluntoimistokaluste.fi\/en\/wp-json\/wp\/v2\/product\/2647","targetHints":{"allow":["GET"]}}],"collection":[{"href":"https:\/\/ouluntoimistokaluste.fi\/en\/wp-json\/wp\/v2\/product"}],"about":[{"href":"https:\/\/ouluntoimistokaluste.fi\/en\/wp-json\/wp\/v2\/types\/product"}],"wp:featuredmedia":[{"embeddable":true,"href":"https:\/\/ouluntoimistokaluste.fi\/en\/wp-json\/wp\/v2\/media\/2651"}],"wp:attachment":[{"href":"https:\/\/ouluntoimistokaluste.fi\/en\/wp-json\/wp\/v2\/media?parent=2647"}],"wp:term":[{"taxonomy":"product_brand","embeddable":true,"href":"https:\/\/ouluntoimistokaluste.fi\/en\/wp-json\/wp\/v2\/product_brand?post=2647"},{"taxonomy":"product_cat","embeddable":true,"href":"https:\/\/ouluntoimistokaluste.fi\/en\/wp-json\/wp\/v2\/product_cat?post=2647"},{"taxonomy":"product_tag","embeddable":true,"href":"https:\/\/ouluntoimistokaluste.fi\/en\/wp-json\/wp\/v2\/product_tag?post=2647"}],"curies":[{"name":"wp","href":"https:\/\/api.w.org\/{rel}","templated":true}]}}