{"id":2501,"date":"2024-02-28T14:16:28","date_gmt":"2024-02-28T14:16:28","guid":{"rendered":"https:\/\/ouluntoimistokaluste.fi\/?post_type=product&#038;p=2501"},"modified":"2024-02-28T14:16:28","modified_gmt":"2024-02-28T14:16:28","slug":"zeta-tyopoytavalaisin","status":"publish","type":"product","link":"https:\/\/ouluntoimistokaluste.fi\/en\/product\/zeta-tyopoytavalaisin\/","title":{"rendered":"Zeta-ty\u00f6p\u00f6yt\u00e4valaisin"},"content":{"rendered":"<p>Runko harjattu ter\u00e4s<\/p>\n<p>3 eri valotehoa<\/p>","protected":false},"excerpt":{"rendered":"<p>Tyylik\u00e4s ty\u00f6pistevalaisin taittuvalla rungolla. Voidaan my\u00f6s kiinnitt\u00e4\u00e4 esim.sein\u00e4\u00e4n.<\/p>\n<p>Takuu 12 kk<\/p>","protected":false},"featured_media":2502,"template":"","meta":[],"product_brand":[],"product_cat":[33,27],"product_tag":[],"class_list":{"0":"post-2501","1":"product","2":"type-product","3":"status-publish","4":"has-post-thumbnail","6":"product_cat-muut-tuotteet","7":"product_cat-uudet-kalusteet","8":"product_shipping_class-hintaryhma-1","10":"first","11":"instock","12":"taxable","13":"shipping-taxable","14":"purchasable","15":"product-type-simple"},"_links":{"self":[{"href":"https:\/\/ouluntoimistokaluste.fi\/en\/wp-json\/wp\/v2\/product\/2501","targetHints":{"allow":["GET"]}}],"collection":[{"href":"https:\/\/ouluntoimistokaluste.fi\/en\/wp-json\/wp\/v2\/product"}],"about":[{"href":"https:\/\/ouluntoimistokaluste.fi\/en\/wp-json\/wp\/v2\/types\/product"}],"wp:featuredmedia":[{"embeddable":true,"href":"https:\/\/ouluntoimistokaluste.fi\/en\/wp-json\/wp\/v2\/media\/2502"}],"wp:attachment":[{"href":"https:\/\/ouluntoimistokaluste.fi\/en\/wp-json\/wp\/v2\/media?parent=2501"}],"wp:term":[{"taxonomy":"product_brand","embeddable":true,"href":"https:\/\/ouluntoimistokaluste.fi\/en\/wp-json\/wp\/v2\/product_brand?post=2501"},{"taxonomy":"product_cat","embeddable":true,"href":"https:\/\/ouluntoimistokaluste.fi\/en\/wp-json\/wp\/v2\/product_cat?post=2501"},{"taxonomy":"product_tag","embeddable":true,"href":"https:\/\/ouluntoimistokaluste.fi\/en\/wp-json\/wp\/v2\/product_tag?post=2501"}],"curies":[{"name":"wp","href":"https:\/\/api.w.org\/{rel}","templated":true}]}}