{"id":2476,"date":"2024-02-21T11:26:00","date_gmt":"2024-02-21T11:26:00","guid":{"rendered":"https:\/\/ouluntoimistokaluste.fi\/?post_type=product&#038;p=2476"},"modified":"2026-02-23T12:19:09","modified_gmt":"2026-02-23T12:19:09","slug":"supervisor-valvomotuoli","status":"publish","type":"product","link":"https:\/\/ouluntoimistokaluste.fi\/en\/product\/supervisor-valvomotuoli\/","title":{"rendered":"MALLIPOISTO Supervisor-valvomotuoli"},"content":{"rendered":"<p>Supervisor-valvomotuoli on ergonominen ty\u00f6tuoli, jossa voit istua oikein s\u00e4\u00e4dettyn\u00e4 mukavasti pitki\u00e4 aikoja. Ihanteellinen ty\u00f6skentelyyn 24 tuntia vuorokaudessa, 7 p\u00e4iv\u00e4\u00e4 viikossa.<\/p>\n<ul>\n<li>Suositeltu k\u00e4ytt\u00e4j\u00e4n pituus: 154-198 cm<\/li>\n<li>Korkeuss\u00e4\u00e4dett\u00e4v\u00e4, ergonomisesti muotoiltu ja eritt\u00e4in korkea selk\u00e4noja (kangas Mirage, musta)\n<ul>\n<li>Selk\u00e4nojan korkeus 710-830 mm<\/li>\n<li>Selk\u00e4noja leveys 530 mm<\/li>\n<\/ul>\n<\/li>\n<li>Korkeus- ja syvyyss\u00e4\u00e4dett\u00e4v\u00e4 niskatuki (kangas Mirage, musta)<\/li>\n<li>Syvyyss\u00e4\u00e4dett\u00e4v\u00e4 ristisel\u00e4ntuki<\/li>\n<li>Korkeus ja leveys s\u00e4\u00e4dett\u00e4v\u00e4t suorat k\u00e4sinojat\n<ul>\n<li>K\u00e4sinojien korkeus istuimesta 130-230 mm<\/li>\n<\/ul>\n<\/li>\n<li>K\u00e4sinojat on varustettu leve\u00e4ll\u00e4 pehmusteella<\/li>\n<li>Pehmustettu eritt\u00e4in mukava istuin, jossa istuinsyvyyden s\u00e4\u00e4t\u00f6 6 cm\n<ul>\n<li>Istuimen syvyys 480-540 mm<\/li>\n<li>Istuimen leveys 530 mm<\/li>\n<li>Istumakorkeus 490-640 mm<\/li>\n<\/ul>\n<\/li>\n<li>Donati Epron RV-mekanismi painons\u00e4\u00e4d\u00f6ll\u00e4<\/li>\n<li>Alumiininen kiillotettu designjalusta, mattamustalla pohjalla ja kaksivaiheisella kaasunostimella<\/li>\n<li>Monitoimipy\u00f6r\u00e4t 60 mm<\/li>\n<li>Enimm\u00e4iskuormitus: 200 kg<\/li>\n<li>2 vuoden takuu 24\/7 k\u00e4ytt\u00f6\u00f6n ja 5 vuotta normaalik\u00e4ytt\u00f6\u00f6n<\/li>\n<li>Keskim\u00e4\u00e4r\u00e4inen kierr\u00e4tysmateriaali t\u00e4ss\u00e4 tuotteessa: noin 42 %, kierr\u00e4tett\u00e4viss\u00e4: noin 81 %<\/li>\n<li>Pakettiin ei sis\u00e4lly ty\u00f6kaluja, joten tarvitset 2 kpl kuusiokoloavaimia tai ruuvinv\u00e4\u00e4ntimen tuolin kasaamiseen<\/li>\n<\/ul>\n<h3><\/h3>","protected":false},"excerpt":{"rendered":"<p>Myym\u00e4l\u00e4n mallikpl tarjoushinta<\/p>\n<p>Huippuluokan valvomotuoli kovaan k\u00e4ytt\u00f6\u00f6n.<\/p>\n<p>5 vuoden takuu<\/p>\n<p>Saatavana my\u00f6s nahkaverhoilulla<\/p>\n<p>Toimitusaika 1-2 viikkoa<\/p>","protected":false},"featured_media":2477,"template":"","meta":[],"product_brand":[],"product_cat":[26,37],"product_tag":[],"class_list":{"0":"post-2476","1":"product","2":"type-product","3":"status-publish","4":"has-post-thumbnail","6":"product_cat-kaytetyt-kalusteet","7":"product_cat-kaytetyt-tyotuolit","8":"product_shipping_class-hintaryhma-3","10":"first","11":"instock","12":"sale","13":"sold-individually","14":"taxable","15":"shipping-taxable","16":"purchasable","17":"product-type-simple"},"_links":{"self":[{"href":"https:\/\/ouluntoimistokaluste.fi\/en\/wp-json\/wp\/v2\/product\/2476","targetHints":{"allow":["GET"]}}],"collection":[{"href":"https:\/\/ouluntoimistokaluste.fi\/en\/wp-json\/wp\/v2\/product"}],"about":[{"href":"https:\/\/ouluntoimistokaluste.fi\/en\/wp-json\/wp\/v2\/types\/product"}],"wp:featuredmedia":[{"embeddable":true,"href":"https:\/\/ouluntoimistokaluste.fi\/en\/wp-json\/wp\/v2\/media\/2477"}],"wp:attachment":[{"href":"https:\/\/ouluntoimistokaluste.fi\/en\/wp-json\/wp\/v2\/media?parent=2476"}],"wp:term":[{"taxonomy":"product_brand","embeddable":true,"href":"https:\/\/ouluntoimistokaluste.fi\/en\/wp-json\/wp\/v2\/product_brand?post=2476"},{"taxonomy":"product_cat","embeddable":true,"href":"https:\/\/ouluntoimistokaluste.fi\/en\/wp-json\/wp\/v2\/product_cat?post=2476"},{"taxonomy":"product_tag","embeddable":true,"href":"https:\/\/ouluntoimistokaluste.fi\/en\/wp-json\/wp\/v2\/product_tag?post=2476"}],"curies":[{"name":"wp","href":"https:\/\/api.w.org\/{rel}","templated":true}]}}