{"id":2331,"date":"2023-12-15T09:04:51","date_gmt":"2023-12-15T09:04:51","guid":{"rendered":"https:\/\/ouluntoimistokaluste.fi\/?post_type=product&#038;p=2331"},"modified":"2025-08-30T10:09:33","modified_gmt":"2025-08-30T10:09:33","slug":"comfo-3020-tyotuoli","status":"publish","type":"product","link":"https:\/\/ouluntoimistokaluste.fi\/en\/product\/comfo-3020-tyotuoli\/","title":{"rendered":"Comfo 3020-ty\u00f6tuoli"},"content":{"rendered":"<p>S\u00e4\u00e4dett\u00e4v\u00e4 istuinsyvyys<\/p>\n<p>Istujan painon mukaan s\u00e4\u00e4dett\u00e4v\u00e4 Synkron keinumekanismi<\/p>\n<p>Istuimen ja selk\u00e4nojan kaltevuuden s\u00e4\u00e4t\u00f6<\/p>\n<p>Istuimen eteenp\u00e4in kallistus<\/p>\n<p>Selk\u00e4nojan ja istuimen korkeudens\u00e4\u00e4t\u00f6<\/p>\n<p class=\"\">Ilmat\u00e4ytteinen ristisel\u00e4ntuen s\u00e4\u00e4t\u00f6<\/p>\n<p>Musta alumiininen jalkaristikko<\/p>\n<p><a class=\"linkButton1698665367334\" href=\"https:\/\/www.youtube.com\/watch?v=Z1hkvTX01JM\" target=\"\" rel=\"noopener\">K\u00e4ytt\u00f6ohjevideo<\/a><\/p>\n<p>4 D k\u00e4sinojat (korkeus-, syvyys-, leveys- ja kulmas\u00e4\u00e4t\u00f6)<\/p>\n<p>S\u00e4\u00e4dett\u00e4v\u00e4 niskatuki (korkeus-, syvyys- ja kulmas\u00e4\u00e4t\u00f6)<\/p>\n<p>Kangas<\/p>\n<p>TWISTER<\/p>\n<ul>\n<li>100% polyesteri<\/li>\n<li>Hankauskesto 120 000 Martindale<\/li>\n<li>Paloluokka EN 1021 1-2<\/li>\n<\/ul>","protected":false},"excerpt":{"rendered":"<p>Huippuluokan ty\u00f6tuolimalli eritt\u00e4in monipuolisilla s\u00e4\u00e4d\u00f6ill\u00e4 ja pitk\u00e4ll\u00e4 takuulla.<\/p>\n<p>Takuu 5 vuotta<\/p>","protected":false},"featured_media":3072,"template":"","meta":[],"product_brand":[],"product_cat":[25,27],"product_tag":[],"class_list":{"0":"post-2331","1":"product","2":"type-product","3":"status-publish","4":"has-post-thumbnail","6":"product_cat-tyotuolit","7":"product_cat-uudet-kalusteet","8":"product_shipping_class-hintaryhma-1","10":"first","11":"instock","12":"sold-individually","13":"taxable","14":"shipping-taxable","15":"purchasable","16":"product-type-simple"},"_links":{"self":[{"href":"https:\/\/ouluntoimistokaluste.fi\/en\/wp-json\/wp\/v2\/product\/2331","targetHints":{"allow":["GET"]}}],"collection":[{"href":"https:\/\/ouluntoimistokaluste.fi\/en\/wp-json\/wp\/v2\/product"}],"about":[{"href":"https:\/\/ouluntoimistokaluste.fi\/en\/wp-json\/wp\/v2\/types\/product"}],"wp:featuredmedia":[{"embeddable":true,"href":"https:\/\/ouluntoimistokaluste.fi\/en\/wp-json\/wp\/v2\/media\/3072"}],"wp:attachment":[{"href":"https:\/\/ouluntoimistokaluste.fi\/en\/wp-json\/wp\/v2\/media?parent=2331"}],"wp:term":[{"taxonomy":"product_brand","embeddable":true,"href":"https:\/\/ouluntoimistokaluste.fi\/en\/wp-json\/wp\/v2\/product_brand?post=2331"},{"taxonomy":"product_cat","embeddable":true,"href":"https:\/\/ouluntoimistokaluste.fi\/en\/wp-json\/wp\/v2\/product_cat?post=2331"},{"taxonomy":"product_tag","embeddable":true,"href":"https:\/\/ouluntoimistokaluste.fi\/en\/wp-json\/wp\/v2\/product_tag?post=2331"}],"curies":[{"name":"wp","href":"https:\/\/api.w.org\/{rel}","templated":true}]}}