{"id":2165,"date":"2023-10-06T09:54:51","date_gmt":"2023-10-06T09:54:51","guid":{"rendered":"https:\/\/ouluntoimistokaluste.fi\/?post_type=product&#038;p=2165"},"modified":"2026-01-07T14:06:16","modified_gmt":"2026-01-07T14:06:16","slug":"folder-liukuovikaappi-75-x-80-x-42-cm","status":"publish","type":"product","link":"https:\/\/ouluntoimistokaluste.fi\/en\/product\/folder-liukuovikaappi-75-x-80-x-42-cm\/","title":{"rendered":"Folder liukuovikaappi 75 x 80 x 42 cm"},"content":{"rendered":"<p>V\u00e4rin\u00e4 kokonaan valkoinen<\/p>\n<p>Lukittava<\/p>\n<p>Pohjassa s\u00e4\u00e4dett\u00e4v\u00e4t liukunastat<\/p>\n<p>Toimitetaan osissa<\/p>\n<p>Kaapin materiaali melamiinia<\/p>\n<p>2 hylly\u00e4 mitoitettu mappikokoon<\/p>","protected":false},"excerpt":{"rendered":"<p>Kotimainen mappikaappi liukuovilla.<\/p>\n<p><strong>Toimitusaika 1-2 viikkoa<\/strong><\/p>","protected":false},"featured_media":2166,"template":"","meta":[],"product_brand":[],"product_cat":[32,27],"product_tag":[],"class_list":{"0":"post-2165","1":"product","2":"type-product","3":"status-publish","4":"has-post-thumbnail","6":"product_cat-sailyttimet","7":"product_cat-uudet-kalusteet","8":"product_shipping_class-hintaryhma-2","10":"first","11":"instock","12":"taxable","13":"shipping-taxable","14":"purchasable","15":"product-type-simple"},"_links":{"self":[{"href":"https:\/\/ouluntoimistokaluste.fi\/en\/wp-json\/wp\/v2\/product\/2165","targetHints":{"allow":["GET"]}}],"collection":[{"href":"https:\/\/ouluntoimistokaluste.fi\/en\/wp-json\/wp\/v2\/product"}],"about":[{"href":"https:\/\/ouluntoimistokaluste.fi\/en\/wp-json\/wp\/v2\/types\/product"}],"wp:featuredmedia":[{"embeddable":true,"href":"https:\/\/ouluntoimistokaluste.fi\/en\/wp-json\/wp\/v2\/media\/2166"}],"wp:attachment":[{"href":"https:\/\/ouluntoimistokaluste.fi\/en\/wp-json\/wp\/v2\/media?parent=2165"}],"wp:term":[{"taxonomy":"product_brand","embeddable":true,"href":"https:\/\/ouluntoimistokaluste.fi\/en\/wp-json\/wp\/v2\/product_brand?post=2165"},{"taxonomy":"product_cat","embeddable":true,"href":"https:\/\/ouluntoimistokaluste.fi\/en\/wp-json\/wp\/v2\/product_cat?post=2165"},{"taxonomy":"product_tag","embeddable":true,"href":"https:\/\/ouluntoimistokaluste.fi\/en\/wp-json\/wp\/v2\/product_tag?post=2165"}],"curies":[{"name":"wp","href":"https:\/\/api.w.org\/{rel}","templated":true}]}}