{"id":2100,"date":"2023-10-04T09:50:27","date_gmt":"2023-10-04T09:50:27","guid":{"rendered":"https:\/\/ouluntoimistokaluste.fi\/?post_type=product&#038;p=2100"},"modified":"2025-03-14T11:57:05","modified_gmt":"2025-03-14T11:57:05","slug":"hog-capisco-puls-tyotuoli","status":"publish","type":"product","link":"https:\/\/ouluntoimistokaluste.fi\/en\/product\/hog-capisco-puls-tyotuoli\/","title":{"rendered":"H\u00e5g Capisco Puls-ty\u00f6tuoli"},"content":{"rendered":"<div id=\"inner-5d848210ca34e91d54a079a0\" class=\"element tlx_product_more_left text\">\n<div class=\"element-text content\">\n<div>\n<h3>Ominaisuudet:<\/h3>\n<p>Keinutoiminto taaksep\u00e4in<span class=\"brClass\"><br \/>\n<\/span>Lukittava istuin<span class=\"brClass\"><br \/>\n<\/span>Soveltuu kaikkiin ty\u00f6tiloihin, joissa ty\u00f6p\u00f6yt\u00e4 on korkeudeltaan v\u00e4hint\u00e4\u00e4n 72cm<span class=\"brClass\"><br \/>\n<\/span>Istuinkorkeuden s\u00e4\u00e4t\u00f6<span class=\"brClass\"><br \/>\n<\/span>Istuinsyvyyden s\u00e4\u00e4t\u00f6<span class=\"brClass\"><br \/>\n<\/span>Selk\u00e4nojan korkeuden s\u00e4\u00e4t\u00f6<span class=\"brClass\"><br \/>\n<\/span>Keinumekanismin portaaton j\u00e4ykkyyden s\u00e4\u00e4t\u00f6<span class=\"brClass\"><br \/>\n<\/span>Alumiininen jalkaristikko muotoilluilla jalansijoilla<span class=\"brClass\"><br \/>\n<\/span>Kallistusvastus taaksep\u00e4in<span class=\"brClass\"><br \/>\n<\/span>Vakiokaasujousi on 200 mm pitk\u00e4<span class=\"brClass\"><br \/>\n<\/span>Py\u00f6r\u00e4t: koville lattioille<\/p>\n<h3>Lis\u00e4varusteet<\/h3>\n<p>Teleskooppinen kaasujousen suojus<span class=\"brClass\"><br \/>\n<\/span>Kaasujousia on saatavilla useita eri pituusvaihtoehtoja: 150 mm ja 265 mm<span class=\"brClass\"><br \/>\n<\/span>Jalkaristikko kiillotettua alumiinia<span class=\"brClass\"><br \/>\n<\/span>Py\u00f6r\u00e4t: kovat py\u00f6r\u00e4t pehmeille lattioille, lukittavat py\u00f6r\u00e4t ja liukutassut<\/p>\n<\/div>\n<\/div>\n<\/div>\n<div id=\"inner-5d848210ca34e91d54a079a1\" class=\"element tlx_product_more_right text\">\n<div class=\"element-text content\">\n<div>\n<h3>Mitat:<\/h3>\n<p>Istuimen korkeus: 470 &#8211; 650 mm<span class=\"brClass\"><br \/>\n<\/span>Selk\u00e4nojan korkeus: 399 mm<span class=\"brClass\"><br \/>\n<\/span>Istuimen syvyys: 399-439 mm Paino: 11,1 kg<\/p>\n<p>Tuote toimitetaan osina laatikossa.<\/p>\n<\/div>\n<\/div>\n<\/div>","protected":false},"excerpt":{"rendered":"<p>H\u00c5G Capisco Puls tarjoaa kaikki samat ainutlaatuiset ominaisuudet, kuin H\u00c5G Capisco, mutta kevyemm\u00e4ll\u00e4 ulkon\u00e4\u00f6ll\u00e4.\u00a0 Muuntautumiskykyns\u00e4 ansiosta se soveltuu monentyyppisiin ty\u00f6skentely-ymp\u00e4rist\u00f6ihin. H\u00c5G Capisco Puls soveltuu mainiosti s\u00e4hk\u00f6p\u00f6ytien kanssa.<\/p>\n<p><strong>Toimitusaika 4 arkip\u00e4iv\u00e4\u00e4<\/strong><\/p>\n<p>&nbsp;<\/p>","protected":false},"featured_media":2101,"template":"","meta":[],"product_brand":[],"product_cat":[25,27],"product_tag":[],"class_list":{"0":"post-2100","1":"product","2":"type-product","3":"status-publish","4":"has-post-thumbnail","6":"product_cat-tyotuolit","7":"product_cat-uudet-kalusteet","8":"product_shipping_class-hintaryhma-1","10":"first","11":"onbackorder","12":"sold-individually","13":"taxable","14":"shipping-taxable","15":"purchasable","16":"product-type-simple"},"_links":{"self":[{"href":"https:\/\/ouluntoimistokaluste.fi\/en\/wp-json\/wp\/v2\/product\/2100","targetHints":{"allow":["GET"]}}],"collection":[{"href":"https:\/\/ouluntoimistokaluste.fi\/en\/wp-json\/wp\/v2\/product"}],"about":[{"href":"https:\/\/ouluntoimistokaluste.fi\/en\/wp-json\/wp\/v2\/types\/product"}],"wp:featuredmedia":[{"embeddable":true,"href":"https:\/\/ouluntoimistokaluste.fi\/en\/wp-json\/wp\/v2\/media\/2101"}],"wp:attachment":[{"href":"https:\/\/ouluntoimistokaluste.fi\/en\/wp-json\/wp\/v2\/media?parent=2100"}],"wp:term":[{"taxonomy":"product_brand","embeddable":true,"href":"https:\/\/ouluntoimistokaluste.fi\/en\/wp-json\/wp\/v2\/product_brand?post=2100"},{"taxonomy":"product_cat","embeddable":true,"href":"https:\/\/ouluntoimistokaluste.fi\/en\/wp-json\/wp\/v2\/product_cat?post=2100"},{"taxonomy":"product_tag","embeddable":true,"href":"https:\/\/ouluntoimistokaluste.fi\/en\/wp-json\/wp\/v2\/product_tag?post=2100"}],"curies":[{"name":"wp","href":"https:\/\/api.w.org\/{rel}","templated":true}]}}