{"id":1799,"date":"2023-09-13T12:59:08","date_gmt":"2023-09-13T12:59:08","guid":{"rendered":"https:\/\/ouluntoimistokaluste.fi\/?post_type=product&#038;p=1799"},"modified":"2026-01-16T14:17:33","modified_gmt":"2026-01-16T14:17:33","slug":"easy-monitorivarsi","status":"publish","type":"product","link":"https:\/\/ouluntoimistokaluste.fi\/en\/product\/easy-monitorivarsi\/","title":{"rendered":"Easy-monitorivarsi"},"content":{"rendered":"<p>&#8211; Pikalukittava VESA-levy tekee n\u00e4yt\u00f6n asentamisesta ja poistamisesta nopeaa<br \/>\nja helppoa<\/p>\n<p>&#8211; Kaasujousen ansiosta k\u00e4ytt\u00f6 onnistuu mill\u00e4 korkeudella tahansa<\/p>\n<p>&#8211; Valmistettu alumiinista, v\u00e4rein\u00e4 valkoinen tai musta<\/p>\n<p>&#8211; 360\u00b0 vapaa liikutella pysty- ja vaakasuunnassa<\/p>\n<p>&#8211; Sopii monille n\u00e4yt\u00f6ille, 36&#8243; ja 11,9 kg asti<\/p>\n<p>&#8211; lntegroitu kaapeli v\u00e4hent\u00e4\u00e4 sotkua<\/p>","protected":false},"excerpt":{"rendered":"<p>Painon mukaan s\u00e4\u00e4dett\u00e4v\u00e4 n\u00e4yt\u00f6nvarsi eri kokoisille n\u00e4yt\u00f6ille.<\/p>\n<p><strong>Toimitusaika 3 arkip\u00e4iv\u00e4\u00e4<\/strong><\/p>","protected":false},"featured_media":1800,"template":"","meta":[],"product_brand":[],"product_cat":[33,27],"product_tag":[],"class_list":{"0":"post-1799","1":"product","2":"type-product","3":"status-publish","4":"has-post-thumbnail","6":"product_cat-muut-tuotteet","7":"product_cat-uudet-kalusteet","8":"product_shipping_class-hintaryhma-1","10":"first","11":"instock","12":"taxable","13":"shipping-taxable","14":"purchasable","15":"product-type-variable"},"_links":{"self":[{"href":"https:\/\/ouluntoimistokaluste.fi\/en\/wp-json\/wp\/v2\/product\/1799","targetHints":{"allow":["GET"]}}],"collection":[{"href":"https:\/\/ouluntoimistokaluste.fi\/en\/wp-json\/wp\/v2\/product"}],"about":[{"href":"https:\/\/ouluntoimistokaluste.fi\/en\/wp-json\/wp\/v2\/types\/product"}],"wp:featuredmedia":[{"embeddable":true,"href":"https:\/\/ouluntoimistokaluste.fi\/en\/wp-json\/wp\/v2\/media\/1800"}],"wp:attachment":[{"href":"https:\/\/ouluntoimistokaluste.fi\/en\/wp-json\/wp\/v2\/media?parent=1799"}],"wp:term":[{"taxonomy":"product_brand","embeddable":true,"href":"https:\/\/ouluntoimistokaluste.fi\/en\/wp-json\/wp\/v2\/product_brand?post=1799"},{"taxonomy":"product_cat","embeddable":true,"href":"https:\/\/ouluntoimistokaluste.fi\/en\/wp-json\/wp\/v2\/product_cat?post=1799"},{"taxonomy":"product_tag","embeddable":true,"href":"https:\/\/ouluntoimistokaluste.fi\/en\/wp-json\/wp\/v2\/product_tag?post=1799"}],"curies":[{"name":"wp","href":"https:\/\/api.w.org\/{rel}","templated":true}]}}