{"id":1764,"date":"2023-09-12T11:49:00","date_gmt":"2023-09-12T11:49:00","guid":{"rendered":"https:\/\/ouluntoimistokaluste.fi\/?post_type=product&#038;p=1764"},"modified":"2023-09-28T12:30:24","modified_gmt":"2023-09-28T12:30:24","slug":"wobble-aktiivituoli","status":"publish","type":"product","link":"https:\/\/ouluntoimistokaluste.fi\/en\/product\/wobble-aktiivituoli\/","title":{"rendered":"Wobble-aktiivituoli"},"content":{"rendered":"<p>Ominaisuudet:<\/p>\n<p>&#8211; S\u00e4\u00e4dett\u00e4v\u00e4 korkeus: 56-81 cm<br \/>\n&#8211; Leveys 36 cm<br \/>\n&#8211; Valkoinen tai musta ABS-runko kaasujousella<br \/>\n&#8211; Harmaa tai musta kangasverhoiltu istuinosa, 100% polyesteri\u00e4<br \/>\n&#8211; Harmaa liukuestealusta<\/p>\n<p>&#8211; 3 vuoden takuu<\/p>","protected":false},"excerpt":{"rendered":"<p>Moderni aktiivituoli ty\u00f6p\u00f6yd\u00e4n \u00e4\u00e4reen. Saatavana kahta eri v\u00e4ri\u00e4.<\/p>\n<p><strong>Toimitusaika 3 arkip\u00e4iv\u00e4\u00e4<\/strong><\/p>","protected":false},"featured_media":1765,"template":"","meta":[],"product_brand":[],"product_cat":[29,27],"product_tag":[],"class_list":{"0":"post-1764","1":"product","2":"type-product","3":"status-publish","4":"has-post-thumbnail","6":"product_cat-satulatuolit","7":"product_cat-uudet-kalusteet","8":"product_shipping_class-hintaryhma-1","10":"first","11":"onbackorder","12":"taxable","13":"shipping-taxable","14":"purchasable","15":"product-type-variable"},"_links":{"self":[{"href":"https:\/\/ouluntoimistokaluste.fi\/en\/wp-json\/wp\/v2\/product\/1764","targetHints":{"allow":["GET"]}}],"collection":[{"href":"https:\/\/ouluntoimistokaluste.fi\/en\/wp-json\/wp\/v2\/product"}],"about":[{"href":"https:\/\/ouluntoimistokaluste.fi\/en\/wp-json\/wp\/v2\/types\/product"}],"wp:featuredmedia":[{"embeddable":true,"href":"https:\/\/ouluntoimistokaluste.fi\/en\/wp-json\/wp\/v2\/media\/1765"}],"wp:attachment":[{"href":"https:\/\/ouluntoimistokaluste.fi\/en\/wp-json\/wp\/v2\/media?parent=1764"}],"wp:term":[{"taxonomy":"product_brand","embeddable":true,"href":"https:\/\/ouluntoimistokaluste.fi\/en\/wp-json\/wp\/v2\/product_brand?post=1764"},{"taxonomy":"product_cat","embeddable":true,"href":"https:\/\/ouluntoimistokaluste.fi\/en\/wp-json\/wp\/v2\/product_cat?post=1764"},{"taxonomy":"product_tag","embeddable":true,"href":"https:\/\/ouluntoimistokaluste.fi\/en\/wp-json\/wp\/v2\/product_tag?post=1764"}],"curies":[{"name":"wp","href":"https:\/\/api.w.org\/{rel}","templated":true}]}}