{"id":1733,"date":"2023-09-12T12:57:27","date_gmt":"2023-09-12T12:57:27","guid":{"rendered":"https:\/\/ouluntoimistokaluste.fi\/?post_type=product&#038;p=1733"},"modified":"2026-04-23T11:11:05","modified_gmt":"2026-04-23T11:11:05","slug":"comfort-sahkopoyta-kulmamalli","status":"publish","type":"product","link":"https:\/\/ouluntoimistokaluste.fi\/en\/product\/comfort-sahkopoyta-kulmamalli\/","title":{"rendered":"Comfort-s\u00e4hk\u00f6p\u00f6yt\u00e4 kulmamalli"},"content":{"rendered":"<p>Korkeudens\u00e4\u00e4t\u00f6 62,5-127,5 cm.<\/p>\n<p>Kantavuus 100 kg.<\/p>\n<p>Rungon v\u00e4ri keskiharmaa tai valkoinen.<\/p>\n<p>Kannen vakiov\u00e4ri valkoinen, muut v\u00e4rit tilauksesta.<\/p>\n<p>Takuu 5 vuotta.<\/p>\n<p>4 muistipaikkaa.<\/p>\n<p>Kaksimoottorinen.<\/p>","protected":false},"excerpt":{"rendered":"<p>Monipuolinen s\u00e4hk\u00f6p\u00f6yt\u00e4 joka toimistoon.<\/p>\n<p><strong>Toimitusaika 5 arkip\u00e4iv\u00e4\u00e4<\/strong><\/p>","protected":false},"featured_media":1473,"template":"","meta":[],"product_brand":[],"product_cat":[35,27],"product_tag":[],"class_list":{"0":"post-1733","1":"product","2":"type-product","3":"status-publish","4":"has-post-thumbnail","6":"product_cat-sahkopoydat","7":"product_cat-uudet-kalusteet","8":"product_shipping_class-hintaryhma-3","10":"first","11":"onbackorder","12":"taxable","13":"shipping-taxable","14":"purchasable","15":"product-type-variable","16":"has-default-attributes"},"_links":{"self":[{"href":"https:\/\/ouluntoimistokaluste.fi\/en\/wp-json\/wp\/v2\/product\/1733","targetHints":{"allow":["GET"]}}],"collection":[{"href":"https:\/\/ouluntoimistokaluste.fi\/en\/wp-json\/wp\/v2\/product"}],"about":[{"href":"https:\/\/ouluntoimistokaluste.fi\/en\/wp-json\/wp\/v2\/types\/product"}],"wp:featuredmedia":[{"embeddable":true,"href":"https:\/\/ouluntoimistokaluste.fi\/en\/wp-json\/wp\/v2\/media\/1473"}],"wp:attachment":[{"href":"https:\/\/ouluntoimistokaluste.fi\/en\/wp-json\/wp\/v2\/media?parent=1733"}],"wp:term":[{"taxonomy":"product_brand","embeddable":true,"href":"https:\/\/ouluntoimistokaluste.fi\/en\/wp-json\/wp\/v2\/product_brand?post=1733"},{"taxonomy":"product_cat","embeddable":true,"href":"https:\/\/ouluntoimistokaluste.fi\/en\/wp-json\/wp\/v2\/product_cat?post=1733"},{"taxonomy":"product_tag","embeddable":true,"href":"https:\/\/ouluntoimistokaluste.fi\/en\/wp-json\/wp\/v2\/product_tag?post=1733"}],"curies":[{"name":"wp","href":"https:\/\/api.w.org\/{rel}","templated":true}]}}