{"id":1561,"date":"2023-09-10T15:25:19","date_gmt":"2023-09-10T15:25:19","guid":{"rendered":"https:\/\/ouluntoimistokaluste.fi\/?post_type=product&#038;p=1561"},"modified":"2025-02-10T14:49:14","modified_gmt":"2025-02-10T14:49:14","slug":"connect-seinake-1630-x-1000-mm","status":"publish","type":"product","link":"https:\/\/ouluntoimistokaluste.fi\/en\/product\/connect-seinake-1630-x-1000-mm\/","title":{"rendered":"Connect-sein\u00e4ke 1630 x 1000 mm"},"content":{"rendered":"<div class=\"element tlx_product_more_left text\">\n<div class=\"element-text content\">\n<h3>Ominaisuudet:<\/h3>\n<p class=\"\">Alumiini runko<\/p>\n<p>V\u00e4ri: Harmaa<\/p>\n<p class=\"\">Pakkauksessa mukana 1 kpl p\u00e4\u00e4tyosan peitekoteloita (E1600H)<\/p>\n<p>Huom! Sein\u00e4kkeen jalat lis\u00e4varusteena<\/p>\n<\/div>\n<\/div>\n<div class=\"element tlx_product_more_right text\">\n<div class=\"element-text content\">\n<div>\n<h3>Mitat:<\/h3>\n<p>Korkeus: 163 cm<\/p>\n<p>Leveys: 100 cm<\/p>\n<p>Rungon paksuus: 3,5 cm<\/p>\n<\/div>\n<\/div>\n<\/div>","protected":false},"excerpt":{"rendered":"<p>Moduulimainen harmaa lattiasein\u00e4ke toimistok\u00e4ytt\u00f6\u00f6n.<\/p>\n<p>Saatavilla my\u00f6s kulma- ja risteyspalat.<\/p>\n<p><strong>Toimitusaika 4 arkip\u00e4iv\u00e4\u00e4<\/strong><\/p>","protected":false},"featured_media":1563,"template":"","meta":[],"product_brand":[],"product_cat":[34,27],"product_tag":[],"class_list":{"0":"post-1561","1":"product","2":"type-product","3":"status-publish","4":"has-post-thumbnail","6":"product_cat-seinakkeet","7":"product_cat-uudet-kalusteet","8":"product_shipping_class-hintaryhma-1","10":"first","11":"instock","12":"taxable","13":"shipping-taxable","14":"purchasable","15":"product-type-simple"},"_links":{"self":[{"href":"https:\/\/ouluntoimistokaluste.fi\/en\/wp-json\/wp\/v2\/product\/1561","targetHints":{"allow":["GET"]}}],"collection":[{"href":"https:\/\/ouluntoimistokaluste.fi\/en\/wp-json\/wp\/v2\/product"}],"about":[{"href":"https:\/\/ouluntoimistokaluste.fi\/en\/wp-json\/wp\/v2\/types\/product"}],"wp:featuredmedia":[{"embeddable":true,"href":"https:\/\/ouluntoimistokaluste.fi\/en\/wp-json\/wp\/v2\/media\/1563"}],"wp:attachment":[{"href":"https:\/\/ouluntoimistokaluste.fi\/en\/wp-json\/wp\/v2\/media?parent=1561"}],"wp:term":[{"taxonomy":"product_brand","embeddable":true,"href":"https:\/\/ouluntoimistokaluste.fi\/en\/wp-json\/wp\/v2\/product_brand?post=1561"},{"taxonomy":"product_cat","embeddable":true,"href":"https:\/\/ouluntoimistokaluste.fi\/en\/wp-json\/wp\/v2\/product_cat?post=1561"},{"taxonomy":"product_tag","embeddable":true,"href":"https:\/\/ouluntoimistokaluste.fi\/en\/wp-json\/wp\/v2\/product_tag?post=1561"}],"curies":[{"name":"wp","href":"https:\/\/api.w.org\/{rel}","templated":true}]}}