{"id":1556,"date":"2023-09-10T15:18:30","date_gmt":"2023-09-10T15:18:30","guid":{"rendered":"https:\/\/ouluntoimistokaluste.fi\/?post_type=product&#038;p=1556"},"modified":"2023-09-28T12:28:58","modified_gmt":"2023-09-28T12:28:58","slug":"pro-office-seinake-1600-x-800-mm","status":"publish","type":"product","link":"https:\/\/ouluntoimistokaluste.fi\/en\/product\/pro-office-seinake-1600-x-800-mm\/","title":{"rendered":"Pro Office-sein\u00e4ke 1600 x 800 mm"},"content":{"rendered":"<p>Pro Office v\u00e4lisein\u00e4kkeit\u00e4 on saatavilla kokonaan verhoiltuna kahta eri leveytt\u00e4 80 cm ja 100 cm. Korkeus s\u00e4ilyy molemmissa versioissa samana.<\/p>\n<p>Sein\u00e4kkeit\u00e4 on mahdollista asentaa yksitt\u00e4in tai useamman sein\u00e4kkeen pitkiksi riveiksi yksinkertaisella kiinnikkeell\u00e4.<\/p>\n<p>Lis\u00e4varusteena saatavilla py\u00f6r\u00e4llinen jalka, tiloihin joissa sein\u00e4kkeit\u00e4 halutaan liikutella.<\/p>\n<p>Jalat toimitetaan aina pareittain.<\/p>","protected":false},"excerpt":{"rendered":"<p>Tyylik\u00e4s tilanjakaja Luxury-kankaalla. Harmaa verhoilu.<\/p>\n<p><strong>Toimitusaika 4 arkip\u00e4iv\u00e4\u00e4<\/strong><\/p>","protected":false},"featured_media":1557,"template":"","meta":[],"product_brand":[],"product_cat":[34,27],"product_tag":[],"class_list":{"0":"post-1556","1":"product","2":"type-product","3":"status-publish","4":"has-post-thumbnail","6":"product_cat-seinakkeet","7":"product_cat-uudet-kalusteet","8":"product_shipping_class-hintaryhma-1","10":"first","11":"onbackorder","12":"taxable","13":"shipping-taxable","14":"purchasable","15":"product-type-simple"},"_links":{"self":[{"href":"https:\/\/ouluntoimistokaluste.fi\/en\/wp-json\/wp\/v2\/product\/1556","targetHints":{"allow":["GET"]}}],"collection":[{"href":"https:\/\/ouluntoimistokaluste.fi\/en\/wp-json\/wp\/v2\/product"}],"about":[{"href":"https:\/\/ouluntoimistokaluste.fi\/en\/wp-json\/wp\/v2\/types\/product"}],"wp:featuredmedia":[{"embeddable":true,"href":"https:\/\/ouluntoimistokaluste.fi\/en\/wp-json\/wp\/v2\/media\/1557"}],"wp:attachment":[{"href":"https:\/\/ouluntoimistokaluste.fi\/en\/wp-json\/wp\/v2\/media?parent=1556"}],"wp:term":[{"taxonomy":"product_brand","embeddable":true,"href":"https:\/\/ouluntoimistokaluste.fi\/en\/wp-json\/wp\/v2\/product_brand?post=1556"},{"taxonomy":"product_cat","embeddable":true,"href":"https:\/\/ouluntoimistokaluste.fi\/en\/wp-json\/wp\/v2\/product_cat?post=1556"},{"taxonomy":"product_tag","embeddable":true,"href":"https:\/\/ouluntoimistokaluste.fi\/en\/wp-json\/wp\/v2\/product_tag?post=1556"}],"curies":[{"name":"wp","href":"https:\/\/api.w.org\/{rel}","templated":true}]}}