{"id":1544,"date":"2023-09-10T14:48:34","date_gmt":"2023-09-10T14:48:34","guid":{"rendered":"https:\/\/ouluntoimistokaluste.fi\/?post_type=product&#038;p=1544"},"modified":"2023-09-28T12:28:03","modified_gmt":"2023-09-28T12:28:03","slug":"sitio-deluxe-high-neuvottelutuoli","status":"publish","type":"product","link":"https:\/\/ouluntoimistokaluste.fi\/en\/product\/sitio-deluxe-high-neuvottelutuoli\/","title":{"rendered":"Sitio Deluxe High-neuvottelutuoli"},"content":{"rendered":"<div class=\"element tlx_product_more_left text\">\n<div class=\"element-text content\">\n<div>\n<h3>Ominaisuudet:<\/h3>\n<p class=\"\">Korkea selk\u00e4noja ja niskatuki<\/p>\n<p class=\"\">K\u00e4sinojat<\/p>\n<p class=\"\">Ristikko kiillotettua alumiinia<\/p>\n<p class=\"\">Istujan painon mukaan s\u00e4\u00e4dett\u00e4v\u00e4 keinumekanismi<\/p>\n<p class=\"\"><b>Lis\u00e4varusteet:<\/b><\/p>\n<ul>\n<li>Liukunastat (5kpl)<\/li>\n<li>K\u00e4sinojan p\u00e4\u00e4lliset<\/li>\n<\/ul>\n<p class=\"\"><b>V\u00e4rit:<\/b><\/p>\n<ul>\n<li>Musta (black)<\/li>\n<li>Valkoinen<\/li>\n<\/ul>\n<p class=\"\">Tuote toimitetaan osina laatikossa.<\/p>\n<\/div>\n<\/div>\n<\/div>\n<div class=\"element tlx_product_more_right text\">\n<div class=\"element-text content\">\n<div>\n<h3>Mitat:<\/h3>\n<p class=\"\">Jalkaristikon halkaisija 67 cm<\/p>\n<p>Istuinkorkeus 46 &#8211; 52 cm<span class=\"brClass\"><br \/>\n<\/span>Istuinsyvyys 45 cm<span class=\"brClass\"><br \/>\n<\/span>Istuinleveys 48 cm<span class=\"brClass\"><br \/>\n<\/span>Selk\u00e4nojan korkeus 74 cm<span class=\"brClass\"><br \/>\n<\/span>Selk\u00e4nojan leveys 45 cm<span class=\"brClass\"><br \/>\n<\/span>Tuolin kokonaisleveys 54 cm<\/p>\n<p>ECO LEATHER<\/p>\n<ul>\n<li>100% PU keinonahkaa<\/li>\n<li>Hankauskest\u00e4vyys min. 50000 Martindale<\/li>\n<li>Paloluokka EN 1021 1-2<\/li>\n<\/ul>\n<\/div>\n<\/div>\n<\/div>","protected":false},"excerpt":{"rendered":"<p>Johtajatason neuvottelu- ja ty\u00f6tuoli korkealla selk\u00e4nojalla ja niskatuella.<\/p>\n<p><strong>Toimitusaika 4 arkip\u00e4iv\u00e4\u00e4<\/strong><\/p>","protected":false},"featured_media":1545,"template":"","meta":[],"product_brand":[],"product_cat":[36,27],"product_tag":[],"class_list":{"0":"post-1544","1":"product","2":"type-product","3":"status-publish","4":"has-post-thumbnail","6":"product_cat-neuvottelukalusteet","7":"product_cat-uudet-kalusteet","8":"product_shipping_class-hintaryhma-1","10":"first","11":"onbackorder","12":"taxable","13":"shipping-taxable","14":"purchasable","15":"product-type-simple"},"_links":{"self":[{"href":"https:\/\/ouluntoimistokaluste.fi\/en\/wp-json\/wp\/v2\/product\/1544","targetHints":{"allow":["GET"]}}],"collection":[{"href":"https:\/\/ouluntoimistokaluste.fi\/en\/wp-json\/wp\/v2\/product"}],"about":[{"href":"https:\/\/ouluntoimistokaluste.fi\/en\/wp-json\/wp\/v2\/types\/product"}],"wp:featuredmedia":[{"embeddable":true,"href":"https:\/\/ouluntoimistokaluste.fi\/en\/wp-json\/wp\/v2\/media\/1545"}],"wp:attachment":[{"href":"https:\/\/ouluntoimistokaluste.fi\/en\/wp-json\/wp\/v2\/media?parent=1544"}],"wp:term":[{"taxonomy":"product_brand","embeddable":true,"href":"https:\/\/ouluntoimistokaluste.fi\/en\/wp-json\/wp\/v2\/product_brand?post=1544"},{"taxonomy":"product_cat","embeddable":true,"href":"https:\/\/ouluntoimistokaluste.fi\/en\/wp-json\/wp\/v2\/product_cat?post=1544"},{"taxonomy":"product_tag","embeddable":true,"href":"https:\/\/ouluntoimistokaluste.fi\/en\/wp-json\/wp\/v2\/product_tag?post=1544"}],"curies":[{"name":"wp","href":"https:\/\/api.w.org\/{rel}","templated":true}]}}