{"id":1521,"date":"2023-09-09T17:02:27","date_gmt":"2023-09-09T17:02:27","guid":{"rendered":"https:\/\/ouluntoimistokaluste.fi\/?post_type=product&#038;p=1521"},"modified":"2025-03-14T11:59:13","modified_gmt":"2025-03-14T11:59:13","slug":"pro-net-tyotuoli","status":"publish","type":"product","link":"https:\/\/ouluntoimistokaluste.fi\/en\/product\/pro-net-tyotuoli\/","title":{"rendered":"Pro Net-ty\u00f6tuoli"},"content":{"rendered":"<p><strong>Ominaisuudet<\/strong>:<\/p>\n<div class=\"element tlx_product_more_left text\">\n<div class=\"element-text content\">\n<p>Istujan painon mukaan s\u00e4\u00e4dett\u00e4v\u00e4 keinumekanismi<\/p>\n<p class=\"\">Istuimen syvyydens\u00e4\u00e4t\u00f6<\/p>\n<p>Selk\u00e4nojassa ristisel\u00e4n tuen s\u00e4\u00e4t\u00f6<\/p>\n<p class=\"\">Pehme\u00e4t PU-py\u00f6r\u00e4t koville lattiapinnoille<\/p>\n<p class=\"\">Multi 3D k\u00e4sinojat<\/p>\n<p class=\"\">Niskatuki<\/p>\n<\/div>\n<\/div>\n<div class=\"element tlx_product_more_right text\">\n<div class=\"element-text content\">\n<div>\n<h3>Mitat:<\/h3>\n<p>Jalkaristikon halkaisija: 72 cm<\/p>\n<p>Istuimen korkeus: 47-54 cm<\/p>\n<p>Istuimen leveys: 51 cm<\/p>\n<p>Istuimen syvyys: 50 &#8211; 54,5 cm<\/p>\n<p>Selk\u00e4nojan korkeus: 61 cm<\/p>\n<p>Selk\u00e4nojan leveys: 54 cm<\/p>\n<p>Ristisel\u00e4ntuen korkeuden s\u00e4\u00e4t\u00f6vara: 6 cm<span class=\"brClass\"><br \/>\n<\/span><\/p>\n<p><b>V\u00e4rit:<\/b><\/p>\n<p>Musta<\/p>\n<p><strong>DOVE KANGAS<\/strong><span class=\"brClass\"><br \/>\n<\/span>\u2022 100 % polyester<span class=\"brClass\"><br \/>\n<\/span>\u2022 Hankauskest\u00e4vyys min. 50 000 Martindale<span class=\"brClass\"><br \/>\n<\/span>\u2022 Paloluokka EN 1021-1<\/p>\n<p>Takuu 5 vuotta<\/p>\n<\/div>\n<\/div>\n<\/div>","protected":false},"excerpt":{"rendered":"<p>Verkkoselk\u00e4inen ty\u00f6tuoli korkealla selk\u00e4nojalla.<\/p>\n<p>Pro Net tuolin monipuoliset s\u00e4\u00e4t\u00f6ominaisuudet ja istujan painon mukaan s\u00e4\u00e4dett\u00e4v\u00e4 keinumekanismi mahdollistavat parhaan mahdollisen istuinmukavuuden.<\/p>\n<p><strong>Toimitusaika 4 arkip\u00e4iv\u00e4\u00e4<\/strong><\/p>","protected":false},"featured_media":1522,"template":"","meta":[],"product_brand":[],"product_cat":[25,27],"product_tag":[],"class_list":{"0":"post-1521","1":"product","2":"type-product","3":"status-publish","4":"has-post-thumbnail","6":"product_cat-tyotuolit","7":"product_cat-uudet-kalusteet","8":"product_shipping_class-hintaryhma-1","10":"first","11":"onbackorder","12":"sold-individually","13":"taxable","14":"shipping-taxable","15":"purchasable","16":"product-type-simple"},"_links":{"self":[{"href":"https:\/\/ouluntoimistokaluste.fi\/en\/wp-json\/wp\/v2\/product\/1521","targetHints":{"allow":["GET"]}}],"collection":[{"href":"https:\/\/ouluntoimistokaluste.fi\/en\/wp-json\/wp\/v2\/product"}],"about":[{"href":"https:\/\/ouluntoimistokaluste.fi\/en\/wp-json\/wp\/v2\/types\/product"}],"wp:featuredmedia":[{"embeddable":true,"href":"https:\/\/ouluntoimistokaluste.fi\/en\/wp-json\/wp\/v2\/media\/1522"}],"wp:attachment":[{"href":"https:\/\/ouluntoimistokaluste.fi\/en\/wp-json\/wp\/v2\/media?parent=1521"}],"wp:term":[{"taxonomy":"product_brand","embeddable":true,"href":"https:\/\/ouluntoimistokaluste.fi\/en\/wp-json\/wp\/v2\/product_brand?post=1521"},{"taxonomy":"product_cat","embeddable":true,"href":"https:\/\/ouluntoimistokaluste.fi\/en\/wp-json\/wp\/v2\/product_cat?post=1521"},{"taxonomy":"product_tag","embeddable":true,"href":"https:\/\/ouluntoimistokaluste.fi\/en\/wp-json\/wp\/v2\/product_tag?post=1521"}],"curies":[{"name":"wp","href":"https:\/\/api.w.org\/{rel}","templated":true}]}}