{"id":1041,"date":"2023-07-26T10:42:26","date_gmt":"2023-07-26T10:42:26","guid":{"rendered":"https:\/\/ouluntoimistokaluste.fi\/tuote\/easy-wall-seinake\/"},"modified":"2025-10-26T19:50:07","modified_gmt":"2025-10-26T19:50:07","slug":"easy-wall-seinake","status":"publish","type":"product","link":"https:\/\/ouluntoimistokaluste.fi\/en\/product\/easy-wall-seinake\/","title":{"rendered":"Easy Wall-sein\u00e4ke"},"content":{"rendered":"<p>Kiinnitys toisiinsa uros\/naaras pultilla mahdollistaa loputtoman uudelleen k\u00e4yt\u00f6n.<\/p>\n<p>Rakenne puuta\/vaneria, helppo muokata tarvittaessa.<\/p>\n<p>Sein\u00e4kkeen mitat: korkeus 205, leveys 80 ja syvyys 8 cm.<\/p>\n<p>V\u00e4ri valkoinen.<\/p>\n<p>Saatavilla ovielementit karmeineen, kulmatolpat, tukijalat.<\/p>","protected":false},"excerpt":{"rendered":"<p>T\u00e4m\u00e4 loputtomasti uudelleen k\u00e4ytett\u00e4v\u00e4 sein\u00e4ke yksinoikeudella vain meilt\u00e4!<\/p>","protected":false},"featured_media":1083,"template":"","meta":[],"product_brand":[],"product_cat":[34],"product_tag":[],"class_list":{"0":"post-1041","1":"product","2":"type-product","3":"status-publish","4":"has-post-thumbnail","6":"product_cat-seinakkeet","7":"product_shipping_class-hintaryhma-2","9":"first","10":"onbackorder","11":"taxable","12":"shipping-taxable","13":"purchasable","14":"product-type-simple"},"_links":{"self":[{"href":"https:\/\/ouluntoimistokaluste.fi\/en\/wp-json\/wp\/v2\/product\/1041","targetHints":{"allow":["GET"]}}],"collection":[{"href":"https:\/\/ouluntoimistokaluste.fi\/en\/wp-json\/wp\/v2\/product"}],"about":[{"href":"https:\/\/ouluntoimistokaluste.fi\/en\/wp-json\/wp\/v2\/types\/product"}],"wp:featuredmedia":[{"embeddable":true,"href":"https:\/\/ouluntoimistokaluste.fi\/en\/wp-json\/wp\/v2\/media\/1083"}],"wp:attachment":[{"href":"https:\/\/ouluntoimistokaluste.fi\/en\/wp-json\/wp\/v2\/media?parent=1041"}],"wp:term":[{"taxonomy":"product_brand","embeddable":true,"href":"https:\/\/ouluntoimistokaluste.fi\/en\/wp-json\/wp\/v2\/product_brand?post=1041"},{"taxonomy":"product_cat","embeddable":true,"href":"https:\/\/ouluntoimistokaluste.fi\/en\/wp-json\/wp\/v2\/product_cat?post=1041"},{"taxonomy":"product_tag","embeddable":true,"href":"https:\/\/ouluntoimistokaluste.fi\/en\/wp-json\/wp\/v2\/product_tag?post=1041"}],"curies":[{"name":"wp","href":"https:\/\/api.w.org\/{rel}","templated":true}]}}