{"id":1037,"date":"2023-07-26T10:42:26","date_gmt":"2023-07-26T10:42:26","guid":{"rendered":"https:\/\/ouluntoimistokaluste.fi\/tuote\/folder-ovikaappi-158-x-80-cm\/"},"modified":"2023-09-28T12:59:18","modified_gmt":"2023-09-28T12:59:18","slug":"folder-ovikaappi-158-x-80-cm","status":"publish","type":"product","link":"https:\/\/ouluntoimistokaluste.fi\/en\/product\/folder-ovikaappi-158-x-80-cm\/","title":{"rendered":"Folder-ovikaappi 158 x 80 x 42 cm"},"content":{"rendered":"<p>Lukittava<\/p>\n<p>Pohjassa s\u00e4\u00e4dett\u00e4v\u00e4t liukunastat<\/p>\n<p>Toimitetaan osissa<\/p>\n<p>Kaapin materiaali melamiinia<\/p>\n<p>4 hylly\u00e4 mitoitettu mappikokoon<\/p>","protected":false},"excerpt":{"rendered":"<p>Kotimainen mappikaappi tuplaovilla.<\/p>\n<p><strong>Toimitusaika 1-2 viikkoa<\/strong><\/p>","protected":false},"featured_media":1476,"template":"","meta":[],"product_brand":[],"product_cat":[32,27],"product_tag":[],"class_list":{"0":"post-1037","1":"product","2":"type-product","3":"status-publish","4":"has-post-thumbnail","6":"product_cat-sailyttimet","7":"product_cat-uudet-kalusteet","8":"product_shipping_class-hintaryhma-2","10":"first","11":"onbackorder","12":"taxable","13":"shipping-taxable","14":"purchasable","15":"product-type-simple"},"_links":{"self":[{"href":"https:\/\/ouluntoimistokaluste.fi\/en\/wp-json\/wp\/v2\/product\/1037","targetHints":{"allow":["GET"]}}],"collection":[{"href":"https:\/\/ouluntoimistokaluste.fi\/en\/wp-json\/wp\/v2\/product"}],"about":[{"href":"https:\/\/ouluntoimistokaluste.fi\/en\/wp-json\/wp\/v2\/types\/product"}],"wp:featuredmedia":[{"embeddable":true,"href":"https:\/\/ouluntoimistokaluste.fi\/en\/wp-json\/wp\/v2\/media\/1476"}],"wp:attachment":[{"href":"https:\/\/ouluntoimistokaluste.fi\/en\/wp-json\/wp\/v2\/media?parent=1037"}],"wp:term":[{"taxonomy":"product_brand","embeddable":true,"href":"https:\/\/ouluntoimistokaluste.fi\/en\/wp-json\/wp\/v2\/product_brand?post=1037"},{"taxonomy":"product_cat","embeddable":true,"href":"https:\/\/ouluntoimistokaluste.fi\/en\/wp-json\/wp\/v2\/product_cat?post=1037"},{"taxonomy":"product_tag","embeddable":true,"href":"https:\/\/ouluntoimistokaluste.fi\/en\/wp-json\/wp\/v2\/product_tag?post=1037"}],"curies":[{"name":"wp","href":"https:\/\/api.w.org\/{rel}","templated":true}]}}