{"id":1032,"date":"2023-07-26T10:42:26","date_gmt":"2023-07-26T10:42:26","guid":{"rendered":"https:\/\/ouluntoimistokaluste.fi\/tuote\/aada-neuvottelupoyta-2400-x-1000-mm\/"},"modified":"2025-10-10T13:12:14","modified_gmt":"2025-10-10T13:12:14","slug":"aada-neuvottelupoyta-2400-x-1000-mm","status":"publish","type":"product","link":"https:\/\/ouluntoimistokaluste.fi\/en\/product\/aada-neuvottelupoyta-2400-x-1000-mm\/","title":{"rendered":"Aada neuvottelup\u00f6yt\u00e4 2400 x 1000 x 25 mm"},"content":{"rendered":"<p>Jalkojen v\u00e4rivaihtoehdot RAL-v\u00e4rikartasta (yli 200 eri vaihtoehtoa!).<\/p>\n<p>Kansien v\u00e4rivaihtoehdot: valkoinen, vaaleanharmaa, grafiitinharmaa, tammi.<\/p>\n<p>Kannen materiaali melamiini.<\/p>\n<p>My\u00f6s erikoiskoot.<\/p>\n<p>Jalkojen pohjassa liukunastat s\u00e4\u00e4d\u00f6ll\u00e4.<\/p>\n<p>My\u00f6s erikoiskoon kannet.<\/p>\n<p>Kysy my\u00f6s pistorasialuukkuja.<\/p>\n<p>&nbsp;<\/p>","protected":false},"excerpt":{"rendered":"<p>T\u00e4ysin kotimainen neuvottelup\u00f6yt\u00e4sarja tyylikk\u00e4\u00e4ll\u00e4 A-jalalla.<\/p>\n<p><strong>Toimitusaika 2 viikkoa<\/strong><\/p>","protected":false},"featured_media":1416,"template":"","meta":[],"product_brand":[],"product_cat":[36,27],"product_tag":[],"class_list":{"0":"post-1032","1":"product","2":"type-product","3":"status-publish","4":"has-post-thumbnail","6":"product_cat-neuvottelukalusteet","7":"product_cat-uudet-kalusteet","8":"product_shipping_class-hintaryhma-3","10":"first","11":"onbackorder","12":"taxable","13":"shipping-taxable","14":"purchasable","15":"product-type-simple"},"_links":{"self":[{"href":"https:\/\/ouluntoimistokaluste.fi\/en\/wp-json\/wp\/v2\/product\/1032","targetHints":{"allow":["GET"]}}],"collection":[{"href":"https:\/\/ouluntoimistokaluste.fi\/en\/wp-json\/wp\/v2\/product"}],"about":[{"href":"https:\/\/ouluntoimistokaluste.fi\/en\/wp-json\/wp\/v2\/types\/product"}],"wp:featuredmedia":[{"embeddable":true,"href":"https:\/\/ouluntoimistokaluste.fi\/en\/wp-json\/wp\/v2\/media\/1416"}],"wp:attachment":[{"href":"https:\/\/ouluntoimistokaluste.fi\/en\/wp-json\/wp\/v2\/media?parent=1032"}],"wp:term":[{"taxonomy":"product_brand","embeddable":true,"href":"https:\/\/ouluntoimistokaluste.fi\/en\/wp-json\/wp\/v2\/product_brand?post=1032"},{"taxonomy":"product_cat","embeddable":true,"href":"https:\/\/ouluntoimistokaluste.fi\/en\/wp-json\/wp\/v2\/product_cat?post=1032"},{"taxonomy":"product_tag","embeddable":true,"href":"https:\/\/ouluntoimistokaluste.fi\/en\/wp-json\/wp\/v2\/product_tag?post=1032"}],"curies":[{"name":"wp","href":"https:\/\/api.w.org\/{rel}","templated":true}]}}