{"id":1031,"date":"2023-07-26T10:42:26","date_gmt":"2023-07-26T10:42:26","guid":{"rendered":"https:\/\/ouluntoimistokaluste.fi\/tuote\/indy-3-eco-teollisuustuoli\/"},"modified":"2025-10-03T07:26:38","modified_gmt":"2025-10-03T07:26:38","slug":"indy-3-eco-teollisuustuoli","status":"publish","type":"product","link":"https:\/\/ouluntoimistokaluste.fi\/en\/product\/indy-3-eco-teollisuustuoli\/","title":{"rendered":"Indy 3 Eco-teollisuustuoli"},"content":{"rendered":"<p>Pehme\u00e4 keinonahkaverhoilu<\/p>\n<p>Takuu 2 vuotta<\/p>\n<p>Ominaisuudet<\/p>\n<p>Istuin helppohoitoista ja kulutusta kest\u00e4v\u00e4\u00e4 keinonahkaa<\/p>\n<p>Istuimen- ja selk\u00e4nojan kaltevuudens\u00e4\u00e4t\u00f6<\/p>\n<p>Korkeudens\u00e4\u00e4t\u00f6 kaasujousella<\/p>\n<p>Jalkaristikko mustaa muovia<\/p>\n<p>Selk\u00e4nojan korkeudens\u00e4\u00e4t\u00f6<\/p>\n<p>Pehme\u00e4t, koville lattioille tarkoitetut PU-py\u00f6r\u00e4t<\/p>","protected":false},"excerpt":{"rendered":"<p>Teollisuuteen ja laboratorioihin tarkoitettu ty\u00f6tuoli kallistus- ja korkeuss\u00e4\u00e4d\u00f6ll\u00e4.<\/p>\n<p><strong>Toimitusaika 4 arkip\u00e4iv\u00e4\u00e4<\/strong><\/p>","protected":false},"featured_media":1498,"template":"","meta":[],"product_brand":[],"product_cat":[25,27],"product_tag":[],"class_list":{"0":"post-1031","1":"product","2":"type-product","3":"status-publish","4":"has-post-thumbnail","6":"product_cat-tyotuolit","7":"product_cat-uudet-kalusteet","8":"product_shipping_class-hintaryhma-1","10":"first","11":"onbackorder","12":"sold-individually","13":"taxable","14":"shipping-taxable","15":"purchasable","16":"product-type-simple"},"_links":{"self":[{"href":"https:\/\/ouluntoimistokaluste.fi\/en\/wp-json\/wp\/v2\/product\/1031","targetHints":{"allow":["GET"]}}],"collection":[{"href":"https:\/\/ouluntoimistokaluste.fi\/en\/wp-json\/wp\/v2\/product"}],"about":[{"href":"https:\/\/ouluntoimistokaluste.fi\/en\/wp-json\/wp\/v2\/types\/product"}],"wp:featuredmedia":[{"embeddable":true,"href":"https:\/\/ouluntoimistokaluste.fi\/en\/wp-json\/wp\/v2\/media\/1498"}],"wp:attachment":[{"href":"https:\/\/ouluntoimistokaluste.fi\/en\/wp-json\/wp\/v2\/media?parent=1031"}],"wp:term":[{"taxonomy":"product_brand","embeddable":true,"href":"https:\/\/ouluntoimistokaluste.fi\/en\/wp-json\/wp\/v2\/product_brand?post=1031"},{"taxonomy":"product_cat","embeddable":true,"href":"https:\/\/ouluntoimistokaluste.fi\/en\/wp-json\/wp\/v2\/product_cat?post=1031"},{"taxonomy":"product_tag","embeddable":true,"href":"https:\/\/ouluntoimistokaluste.fi\/en\/wp-json\/wp\/v2\/product_tag?post=1031"}],"curies":[{"name":"wp","href":"https:\/\/api.w.org\/{rel}","templated":true}]}}