{"id":4173,"date":"2025-07-17T05:25:07","date_gmt":"2025-07-17T05:25:07","guid":{"rendered":"https:\/\/ouluntoimistokaluste.fi\/?page_id=4173"},"modified":"2025-07-17T05:25:08","modified_gmt":"2025-07-17T05:25:08","slug":"kalusteiden-kierratys","status":"publish","type":"page","link":"https:\/\/ouluntoimistokaluste.fi\/en\/kalusteiden-kierratys\/","title":{"rendered":"Kalusteiden kierr\u00e4tys"},"content":{"rendered":"<div data-elementor-type=\"wp-page\" data-elementor-id=\"4173\" class=\"elementor elementor-4173\" data-elementor-post-type=\"page\">\n\t\t\t\t\t\t<section class=\"elementor-section elementor-top-section elementor-element elementor-element-242e54a elementor-section-boxed elementor-section-height-default elementor-section-height-default\" data-id=\"242e54a\" data-element_type=\"section\" data-e-type=\"section\">\n\t\t\t\t\t\t<div class=\"elementor-container elementor-column-gap-default\">\n\t\t\t\t\t<div class=\"elementor-column elementor-col-100 elementor-top-column elementor-element elementor-element-62aca29\" data-id=\"62aca29\" data-element_type=\"column\" data-e-type=\"column\">\n\t\t\t<div class=\"elementor-widget-wrap elementor-element-populated\">\n\t\t\t\t\t\t<div class=\"elementor-element elementor-element-142ed06 elementor-widget elementor-widget-spacer\" data-id=\"142ed06\" data-element_type=\"widget\" data-e-type=\"widget\" data-widget_type=\"spacer.default\">\n\t\t\t\t<div class=\"elementor-widget-container\">\n\t\t\t\t\t\t\t<div class=\"elementor-spacer\">\n\t\t\t<div class=\"elementor-spacer-inner\"><\/div>\n\t\t<\/div>\n\t\t\t\t\t\t<\/div>\n\t\t\t\t<\/div>\n\t\t\t\t\t<\/div>\n\t\t<\/div>\n\t\t\t\t\t<\/div>\n\t\t<\/section>\n\t\t\t\t<section class=\"elementor-section elementor-top-section elementor-element elementor-element-8658cbe elementor-section-boxed elementor-section-height-default elementor-section-height-default\" data-id=\"8658cbe\" data-element_type=\"section\" data-e-type=\"section\">\n\t\t\t\t\t\t<div class=\"elementor-container elementor-column-gap-default\">\n\t\t\t\t\t<div class=\"elementor-column elementor-col-100 elementor-top-column elementor-element elementor-element-74a0198\" data-id=\"74a0198\" data-element_type=\"column\" data-e-type=\"column\">\n\t\t\t<div class=\"elementor-widget-wrap elementor-element-populated\">\n\t\t\t\t\t\t<div class=\"elementor-element elementor-element-e6eea49 elementor--h-position-center elementor--v-position-middle elementor-arrows-position-inside elementor-pagination-position-inside elementor-widget elementor-widget-slides\" data-id=\"e6eea49\" data-element_type=\"widget\" data-e-type=\"widget\" data-settings=\"{&quot;navigation&quot;:&quot;both&quot;,&quot;autoplay&quot;:&quot;yes&quot;,&quot;pause_on_hover&quot;:&quot;yes&quot;,&quot;pause_on_interaction&quot;:&quot;yes&quot;,&quot;autoplay_speed&quot;:5000,&quot;infinite&quot;:&quot;yes&quot;,&quot;transition&quot;:&quot;slide&quot;,&quot;transition_speed&quot;:500}\" data-widget_type=\"slides.default\">\n\t\t\t\t<div class=\"elementor-widget-container\">\n\t\t\t\t\t\t\t\t\t<div class=\"elementor-swiper\">\n\t\t\t\t\t<div class=\"elementor-slides-wrapper elementor-main-swiper swiper\" role=\"region\" aria-roledescription=\"carousel\" aria-label=\"Slides\" dir=\"ltr\" data-animation=\"fadeInUp\">\n\t\t\t\t<div class=\"swiper-wrapper elementor-slides\">\n\t\t\t\t\t\t\t\t\t\t<div class=\"elementor-repeater-item-8e034d6 swiper-slide\" role=\"group\" aria-roledescription=\"slide\"><div class=\"swiper-slide-bg\"><\/div><div class=\"swiper-slide-inner\" ><div class=\"swiper-slide-contents\"><div class=\"elementor-slide-heading\">Kalusteiden kierr\u00e4tys<\/div><a href=\"#elementor-action%3Aaction%3Dpopup%3Aopen%26settings%3DeyJpZCI6IjE2NjIiLCJ0b2dnbGUiOmZhbHNlfQ%3D%3D\" class=\"elementor-button elementor-slide-button elementor-size-sm\">Kysy tarjous kierr\u00e4tyksest\u00e4<\/a><\/div><\/div><\/div>\t\t\t\t<\/div>\n\t\t\t\t\t\t\t<\/div>\n\t\t\t\t<\/div>\n\t\t\t\t\t\t\t\t<\/div>\n\t\t\t\t<\/div>\n\t\t\t\t\t<\/div>\n\t\t<\/div>\n\t\t\t\t\t<\/div>\n\t\t<\/section>\n\t\t\t\t<section class=\"elementor-section elementor-top-section elementor-element elementor-element-53c29a9 elementor-section-boxed elementor-section-height-default elementor-section-height-default\" data-id=\"53c29a9\" data-element_type=\"section\" data-e-type=\"section\">\n\t\t\t\t\t\t<div class=\"elementor-container elementor-column-gap-default\">\n\t\t\t\t\t<div class=\"elementor-column elementor-col-50 elementor-top-column elementor-element elementor-element-581f0dc\" data-id=\"581f0dc\" data-element_type=\"column\" data-e-type=\"column\">\n\t\t\t<div class=\"elementor-widget-wrap elementor-element-populated\">\n\t\t\t\t\t\t<div class=\"elementor-element elementor-element-7478b9e elementor-widget elementor-widget-image\" data-id=\"7478b9e\" data-element_type=\"widget\" data-e-type=\"widget\" data-widget_type=\"image.default\">\n\t\t\t\t<div class=\"elementor-widget-container\">\n\t\t\t\t\t\t\t\t\t\t\t\t\t\t\t<img fetchpriority=\"high\" decoding=\"async\" width=\"563\" height=\"1024\" src=\"https:\/\/ouluntoimistokaluste.fi\/wp-content\/uploads\/2025\/07\/martela-axia-niskatuellinen-563x1024.png\" class=\"attachment-large size-large wp-image-4177\" alt=\"\" srcset=\"https:\/\/ouluntoimistokaluste.fi\/wp-content\/uploads\/2025\/07\/martela-axia-niskatuellinen-563x1024.png 563w, https:\/\/ouluntoimistokaluste.fi\/wp-content\/uploads\/2025\/07\/martela-axia-niskatuellinen-165x300.png 165w, https:\/\/ouluntoimistokaluste.fi\/wp-content\/uploads\/2025\/07\/martela-axia-niskatuellinen-7x12.png 7w, https:\/\/ouluntoimistokaluste.fi\/wp-content\/uploads\/2025\/07\/martela-axia-niskatuellinen-64x116.png 64w, https:\/\/ouluntoimistokaluste.fi\/wp-content\/uploads\/2025\/07\/martela-axia-niskatuellinen.png 594w\" sizes=\"(max-width: 563px) 100vw, 563px\" \/>\t\t\t\t\t\t\t\t\t\t\t\t\t\t\t<\/div>\n\t\t\t\t<\/div>\n\t\t\t\t\t<\/div>\n\t\t<\/div>\n\t\t\t\t<div class=\"elementor-column elementor-col-50 elementor-top-column elementor-element elementor-element-e521b2f\" data-id=\"e521b2f\" data-element_type=\"column\" data-e-type=\"column\">\n\t\t\t<div class=\"elementor-widget-wrap elementor-element-populated\">\n\t\t\t\t\t\t<div class=\"elementor-element elementor-element-dbc37f5 elementor-widget elementor-widget-spacer\" data-id=\"dbc37f5\" data-element_type=\"widget\" data-e-type=\"widget\" data-widget_type=\"spacer.default\">\n\t\t\t\t<div class=\"elementor-widget-container\">\n\t\t\t\t\t\t\t<div class=\"elementor-spacer\">\n\t\t\t<div class=\"elementor-spacer-inner\"><\/div>\n\t\t<\/div>\n\t\t\t\t\t\t<\/div>\n\t\t\t\t<\/div>\n\t\t\t\t<div class=\"elementor-element elementor-element-716f69e elementor-widget elementor-widget-heading\" data-id=\"716f69e\" data-element_type=\"widget\" data-e-type=\"widget\" data-widget_type=\"heading.default\">\n\t\t\t\t<div class=\"elementor-widget-container\">\n\t\t\t\t\t<h2 class=\"elementor-heading-title elementor-size-default\">Oulun Toimistokaluste - Vastuullista kierr\u00e4tyst\u00e4<\/h2>\t\t\t\t<\/div>\n\t\t\t\t<\/div>\n\t\t\t\t<div class=\"elementor-element elementor-element-c63a7b0 elementor-widget elementor-widget-text-editor\" data-id=\"c63a7b0\" data-element_type=\"widget\" data-e-type=\"widget\" data-widget_type=\"text-editor.default\">\n\t\t\t\t<div class=\"elementor-widget-container\">\n\t\t\t\t\t\t\t\t\t<p style=\"font-weight: 400;\">Oulun Toimistokaluste tarjoaa yrityksille, julkiselle sektorille sek\u00e4 yhdistyksille helpon ja ymp\u00e4rist\u00f6yst\u00e4v\u00e4llisen tavan kierr\u00e4tt\u00e4\u00e4 k\u00e4yt\u00f6st\u00e4 poistettavat toimistokalusteet. Kierr\u00e4tyspalvelumme on suunniteltu tukemaan vastuullista liiketoimintaa ja kest\u00e4v\u00e4\u00e4 kehityst\u00e4 \u2013 pienill\u00e4 teoilla syntyy suuria vaikutuksia.<\/p>\t\t\t\t\t\t\t\t<\/div>\n\t\t\t\t<\/div>\n\t\t\t\t<div class=\"elementor-element elementor-element-29a2cd5 elementor-widget elementor-widget-heading\" data-id=\"29a2cd5\" data-element_type=\"widget\" data-e-type=\"widget\" data-widget_type=\"heading.default\">\n\t\t\t\t<div class=\"elementor-widget-container\">\n\t\t\t\t\t<h4 class=\"elementor-heading-title elementor-size-default\">Miten se toimii?<\/h4>\t\t\t\t<\/div>\n\t\t\t\t<\/div>\n\t\t\t\t<div class=\"elementor-element elementor-element-54950f5 elementor-widget elementor-widget-text-editor\" data-id=\"54950f5\" data-element_type=\"widget\" data-e-type=\"widget\" data-widget_type=\"text-editor.default\">\n\t\t\t\t<div class=\"elementor-widget-container\">\n\t\t\t\t\t\t\t\t\t<ul style=\"font-weight: 400;\"><li>Haemme vanhat toimistokalusteet suoraan kiinteist\u00f6st\u00e4nne tai tuomme kierr\u00e4tyslavat suoraan pihaan<\/li><li>Kalusteet lajitellaan huolellisesti: puu, metalli ja muovi erotellaan jatkok\u00e4sittely\u00e4 varten.<\/li><li>Hy\u00f6dynnett\u00e4v\u00e4t osat ohjataan uusiok\u00e4ytt\u00f6\u00f6n tai kierr\u00e4tysmateriaaleiksi.<\/li><li>N\u00e4in v\u00e4henn\u00e4mme j\u00e4tett\u00e4 ja s\u00e4\u00e4st\u00e4mme luonnonvaroja.<\/li><li>Kartoitamme jatkok\u00e4ytett\u00e4v\u00e4t kalusteet ja hyvit\u00e4mme niiden ostohinnan kokonaistarjouksessa<\/li><\/ul>\t\t\t\t\t\t\t\t<\/div>\n\t\t\t\t<\/div>\n\t\t\t\t<div class=\"elementor-element elementor-element-2ca6d4a elementor-widget elementor-widget-heading\" data-id=\"2ca6d4a\" data-element_type=\"widget\" data-e-type=\"widget\" data-widget_type=\"heading.default\">\n\t\t\t\t<div class=\"elementor-widget-container\">\n\t\t\t\t\t<h4 class=\"elementor-heading-title elementor-size-default\">Hy\u00f6dyt yrityksellesi<\/h4>\t\t\t\t<\/div>\n\t\t\t\t<\/div>\n\t\t\t\t<div class=\"elementor-element elementor-element-af23dec elementor-widget elementor-widget-text-editor\" data-id=\"af23dec\" data-element_type=\"widget\" data-e-type=\"widget\" data-widget_type=\"text-editor.default\">\n\t\t\t\t<div class=\"elementor-widget-container\">\n\t\t\t\t\t\t\t\t\t<ul style=\"font-weight: 400;\"><li>Vahvistat vastuullista yrityskuvaa<\/li><li>V\u00e4henn\u00e4t hiilijalanj\u00e4lke\u00e4<\/li><li>Teet konkreettisia tekoja ymp\u00e4rist\u00f6n hyv\u00e4ksi<\/li><li>S\u00e4\u00e4st\u00e4t aikaa ja vaivaa \u2013 me huolehdimme prosessista puolestasi<\/li><\/ul><p>\u00a0<\/p><p style=\"font-weight: 400;\">Yhdess\u00e4 edist\u00e4mme kest\u00e4v\u00e4mp\u00e4\u00e4 tulevaisuutta toimistokalusteiden vastuullisella kierr\u00e4tyksell\u00e4.<\/p><p style=\"font-weight: 400;\">Ota yhteytt\u00e4, niin sovitaan kartoitusk\u00e4ynti!<\/p>\t\t\t\t\t\t\t\t<\/div>\n\t\t\t\t<\/div>\n\t\t\t\t<div class=\"elementor-element elementor-element-798cd31 elementor-widget elementor-widget-button\" data-id=\"798cd31\" data-element_type=\"widget\" data-e-type=\"widget\" data-widget_type=\"button.default\">\n\t\t\t\t<div class=\"elementor-widget-container\">\n\t\t\t\t\t\t\t\t\t<div class=\"elementor-button-wrapper\">\n\t\t\t\t\t<a class=\"elementor-button elementor-button-link elementor-size-sm\" href=\"https:\/\/ouluntoimistokaluste.fi\/en\/yhteystiedot\/\">\n\t\t\t\t\t\t<span class=\"elementor-button-content-wrapper\">\n\t\t\t\t\t\t\t\t\t<span class=\"elementor-button-text\">Ota yhteytt\u00e4<\/span>\n\t\t\t\t\t<\/span>\n\t\t\t\t\t<\/a>\n\t\t\t\t<\/div>\n\t\t\t\t\t\t\t\t<\/div>\n\t\t\t\t<\/div>\n\t\t\t\t<div class=\"elementor-element elementor-element-6ed181f elementor-widget elementor-widget-button\" data-id=\"6ed181f\" data-element_type=\"widget\" data-e-type=\"widget\" data-widget_type=\"button.default\">\n\t\t\t\t<div class=\"elementor-widget-container\">\n\t\t\t\t\t\t\t\t\t<div class=\"elementor-button-wrapper\">\n\t\t\t\t\t<a class=\"elementor-button elementor-button-link elementor-size-sm\" href=\"https:\/\/ouluntoimistokaluste.fi\/en\/product-category\/kaytetyt-kalusteet\/\">\n\t\t\t\t\t\t<span class=\"elementor-button-content-wrapper\">\n\t\t\t\t\t\t\t\t\t<span class=\"elementor-button-text\">Selaamaan k\u00e4ytettyj\u00e4 kalusteita?<\/span>\n\t\t\t\t\t<\/span>\n\t\t\t\t\t<\/a>\n\t\t\t\t<\/div>\n\t\t\t\t\t\t\t\t<\/div>\n\t\t\t\t<\/div>\n\t\t\t\t<div class=\"elementor-element elementor-element-c9a599a elementor-widget elementor-widget-button\" data-id=\"c9a599a\" data-element_type=\"widget\" data-e-type=\"widget\" data-widget_type=\"button.default\">\n\t\t\t\t<div class=\"elementor-widget-container\">\n\t\t\t\t\t\t\t\t\t<div class=\"elementor-button-wrapper\">\n\t\t\t\t\t<a class=\"elementor-button elementor-button-link elementor-size-sm\" href=\"https:\/\/ouluntoimistokaluste.fi\/en\/product-category\/uudet-kalusteet\/\">\n\t\t\t\t\t\t<span class=\"elementor-button-content-wrapper\">\n\t\t\t\t\t\t\t\t\t<span class=\"elementor-button-text\">Selaamaan uusia kalusteita?<\/span>\n\t\t\t\t\t<\/span>\n\t\t\t\t\t<\/a>\n\t\t\t\t<\/div>\n\t\t\t\t\t\t\t\t<\/div>\n\t\t\t\t<\/div>\n\t\t\t\t\t<\/div>\n\t\t<\/div>\n\t\t\t\t\t<\/div>\n\t\t<\/section>\n\t\t\t\t<section class=\"elementor-section elementor-top-section elementor-element elementor-element-8eb69ff elementor-section-boxed elementor-section-height-default elementor-section-height-default\" data-id=\"8eb69ff\" data-element_type=\"section\" data-e-type=\"section\">\n\t\t\t\t\t\t<div class=\"elementor-container elementor-column-gap-default\">\n\t\t\t\t\t<div class=\"elementor-column elementor-col-100 elementor-top-column elementor-element elementor-element-1ab5fda\" data-id=\"1ab5fda\" data-element_type=\"column\" data-e-type=\"column\">\n\t\t\t<div class=\"elementor-widget-wrap elementor-element-populated\">\n\t\t\t\t\t\t<div class=\"elementor-element elementor-element-0e5da05 elementor-widget elementor-widget-spacer\" data-id=\"0e5da05\" data-element_type=\"widget\" data-e-type=\"widget\" data-widget_type=\"spacer.default\">\n\t\t\t\t<div class=\"elementor-widget-container\">\n\t\t\t\t\t\t\t<div class=\"elementor-spacer\">\n\t\t\t<div class=\"elementor-spacer-inner\"><\/div>\n\t\t<\/div>\n\t\t\t\t\t\t<\/div>\n\t\t\t\t<\/div>\n\t\t\t\t\t<\/div>\n\t\t<\/div>\n\t\t\t\t\t<\/div>\n\t\t<\/section>\n\t\t\t\t<\/div>","protected":false},"excerpt":{"rendered":"<p>Kalusteiden kierr\u00e4tysKysy tarjous kierr\u00e4tyksest\u00e4 Oulun Toimistokaluste &#8211; Vastuullista kierr\u00e4tyst\u00e4 Oulun Toimistokaluste tarjoaa yrityksille, julkiselle sektorille sek\u00e4 yhdistyksille helpon ja ymp\u00e4rist\u00f6yst\u00e4v\u00e4llisen tavan kierr\u00e4tt\u00e4\u00e4 k\u00e4yt\u00f6st\u00e4 poistettavat toimistokalusteet. Kierr\u00e4tyspalvelumme on suunniteltu tukemaan vastuullista liiketoimintaa ja kest\u00e4v\u00e4\u00e4 kehityst\u00e4 \u2013 pienill\u00e4 teoilla syntyy suuria vaikutuksia. Miten se toimii? Haemme vanhat toimistokalusteet suoraan kiinteist\u00f6st\u00e4nne tai tuomme kierr\u00e4tyslavat suoraan pihaan Kalusteet lajitellaan [&hellip;]<\/p>\n","protected":false},"author":6,"featured_media":0,"parent":0,"menu_order":0,"comment_status":"closed","ping_status":"closed","template":"","meta":{"footnotes":""},"class_list":["post-4173","page","type-page","status-publish","hentry"],"_links":{"self":[{"href":"https:\/\/ouluntoimistokaluste.fi\/en\/wp-json\/wp\/v2\/pages\/4173","targetHints":{"allow":["GET"]}}],"collection":[{"href":"https:\/\/ouluntoimistokaluste.fi\/en\/wp-json\/wp\/v2\/pages"}],"about":[{"href":"https:\/\/ouluntoimistokaluste.fi\/en\/wp-json\/wp\/v2\/types\/page"}],"author":[{"embeddable":true,"href":"https:\/\/ouluntoimistokaluste.fi\/en\/wp-json\/wp\/v2\/users\/6"}],"replies":[{"embeddable":true,"href":"https:\/\/ouluntoimistokaluste.fi\/en\/wp-json\/wp\/v2\/comments?post=4173"}],"version-history":[{"count":7,"href":"https:\/\/ouluntoimistokaluste.fi\/en\/wp-json\/wp\/v2\/pages\/4173\/revisions"}],"predecessor-version":[{"id":4181,"href":"https:\/\/ouluntoimistokaluste.fi\/en\/wp-json\/wp\/v2\/pages\/4173\/revisions\/4181"}],"wp:attachment":[{"href":"https:\/\/ouluntoimistokaluste.fi\/en\/wp-json\/wp\/v2\/media?parent=4173"}],"curies":[{"name":"wp","href":"https:\/\/api.w.org\/{rel}","templated":true}]}}